{"id":52027,"date":"2024-04-09T00:00:01","date_gmt":"2024-04-08T22:00:01","guid":{"rendered":"https:\/\/modelkars.com\/?post_type=product&#038;p=52027"},"modified":"2025-12-12T02:04:41","modified_gmt":"2025-12-12T01:04:41","slug":"ts0493-cadillac-v-series-r-imsa-daytona-2023-bleu","status":"publish","type":"product","link":"https:\/\/modelkars.com\/fr\/shop\/topspeed\/ts0493-cadillac-v-series-r-imsa-daytona-2023-bleu\/","title":{"rendered":"Cadillac V-Series R IMSA Daytona 2023"},"content":{"rendered":"","protected":false},"excerpt":{"rendered":"<p>Cette voiture miniature \u00e0 l&rsquo;\u00e9chelle 1:18\u00e8me reproduit la Cadillac V-Series R IMSA Daytona 2023 dans un coloris bleu. Fabriqu\u00e9 par Top Speed, ce mod\u00e8le r\u00e9duit est r\u00e9alis\u00e9 en r\u00e9sine. Miniature produite en s\u00e9rie limit\u00e9e.<\/p>\n","protected":false},"featured_media":52069,"template":"","meta":{"_seopress_robots_primary_cat":"","_seopress_titles_title":"","_seopress_titles_desc":"","_seopress_robots_index":""},"product_brand":[],"product_cat":[74],"product_tag":[84,93,92,85],"class_list":{"0":"post-52027","1":"product","2":"type-product","3":"status-publish","4":"has-post-thumbnail","6":"product_cat-topspeed","7":"product_tag-echelle-118","8":"product_tag-edition-limitee","9":"product_tag-resine","10":"product_tag-sans-ouvrants","12":"first","13":"instock","14":"taxable","15":"shipping-taxable","16":"purchasable","17":"product-type-simple"},"_links":{"self":[{"href":"https:\/\/modelkars.com\/fr\/wp-json\/wp\/v2\/product\/52027","targetHints":{"allow":["GET"]}}],"collection":[{"href":"https:\/\/modelkars.com\/fr\/wp-json\/wp\/v2\/product"}],"about":[{"href":"https:\/\/modelkars.com\/fr\/wp-json\/wp\/v2\/types\/product"}],"wp:featuredmedia":[{"embeddable":true,"href":"https:\/\/modelkars.com\/fr\/wp-json\/wp\/v2\/media\/52069"}],"wp:attachment":[{"href":"https:\/\/modelkars.com\/fr\/wp-json\/wp\/v2\/media?parent=52027"}],"wp:term":[{"taxonomy":"product_brand","embeddable":true,"href":"https:\/\/modelkars.com\/fr\/wp-json\/wp\/v2\/product_brand?post=52027"},{"taxonomy":"product_cat","embeddable":true,"href":"https:\/\/modelkars.com\/fr\/wp-json\/wp\/v2\/product_cat?post=52027"},{"taxonomy":"product_tag","embeddable":true,"href":"https:\/\/modelkars.com\/fr\/wp-json\/wp\/v2\/product_tag?post=52027"}],"curies":[{"name":"wp","href":"https:\/\/api.w.org\/{rel}","templated":true}]}}