{"id":51520,"date":"2025-04-24T19:45:01","date_gmt":"2025-04-24T17:45:01","guid":{"rendered":"https:\/\/modelkars.com\/?post_type=product&#038;p=51520"},"modified":"2025-12-01T01:52:26","modified_gmt":"2025-12-01T00:52:26","slug":"18s726-porsche-911-912-ken-block-hoonipigasus-hill-climb-2022-rose","status":"publish","type":"product","link":"https:\/\/modelkars.com\/fr\/shop\/spark\/18s726-porsche-911-912-ken-block-hoonipigasus-hill-climb-2022-rose\/","title":{"rendered":"Porsche 911 Hoonipigasus Ken Block (Pikes Peak 2022)"},"content":{"rendered":"","protected":false},"excerpt":{"rendered":"<p>Cette voiture miniature \u00e0 l&rsquo;\u00e9chelle 1:18\u00e8me reproduit la Porsche 911 (912) Hoonipigasus de Ken Block dans sa livr\u00e9e rose (num\u00e9ro 43). Cette voiture de course a \u00e9t\u00e9 engag\u00e9e lors de la 100\u00e8me \u00e9dition de Pikes Peak en 2022. Elle ne pourra malheureusement pas prendre le d\u00e9part en raison d&rsquo;un probl\u00e8me moteur. Fabriqu\u00e9 par Spark, ce mod\u00e8le r\u00e9duit est r\u00e9alis\u00e9 en r\u00e9sine et livr\u00e9 avec une vitrine transparente. Miniature produite en s\u00e9rie limit\u00e9e.<\/p>\n","protected":false},"featured_media":51522,"template":"","meta":{"_seopress_robots_primary_cat":"","_seopress_titles_title":"","_seopress_titles_desc":"","_seopress_robots_index":""},"product_brand":[],"product_cat":[216],"product_tag":[84,93,92,85,86,323],"class_list":{"0":"post-51520","1":"product","2":"type-product","3":"status-publish","4":"has-post-thumbnail","6":"product_cat-spark","7":"product_tag-echelle-118","8":"product_tag-edition-limitee","9":"product_tag-resine","10":"product_tag-sans-ouvrants","11":"product_tag-socle-inclus","12":"product_tag-vitrine-incluse","14":"first","15":"outofstock","16":"taxable","17":"shipping-taxable","18":"purchasable","19":"product-type-simple"},"_links":{"self":[{"href":"https:\/\/modelkars.com\/fr\/wp-json\/wp\/v2\/product\/51520","targetHints":{"allow":["GET"]}}],"collection":[{"href":"https:\/\/modelkars.com\/fr\/wp-json\/wp\/v2\/product"}],"about":[{"href":"https:\/\/modelkars.com\/fr\/wp-json\/wp\/v2\/types\/product"}],"wp:featuredmedia":[{"embeddable":true,"href":"https:\/\/modelkars.com\/fr\/wp-json\/wp\/v2\/media\/51522"}],"wp:attachment":[{"href":"https:\/\/modelkars.com\/fr\/wp-json\/wp\/v2\/media?parent=51520"}],"wp:term":[{"taxonomy":"product_brand","embeddable":true,"href":"https:\/\/modelkars.com\/fr\/wp-json\/wp\/v2\/product_brand?post=51520"},{"taxonomy":"product_cat","embeddable":true,"href":"https:\/\/modelkars.com\/fr\/wp-json\/wp\/v2\/product_cat?post=51520"},{"taxonomy":"product_tag","embeddable":true,"href":"https:\/\/modelkars.com\/fr\/wp-json\/wp\/v2\/product_tag?post=51520"}],"curies":[{"name":"wp","href":"https:\/\/api.w.org\/{rel}","templated":true}]}}