{"id":51449,"date":"2026-01-26T19:23:02","date_gmt":"2026-01-26T18:23:02","guid":{"rendered":"https:\/\/modelkars.com\/?post_type=product&#038;p=51449"},"modified":"2026-04-28T11:53:21","modified_gmt":"2026-04-28T09:53:21","slug":"78177-porsche-911-991-2-gt3-rs-weissach-package-orange-lava","status":"publish","type":"product","link":"https:\/\/modelkars.com\/fr\/shop\/autoart\/78177-porsche-911-991-2-gt3-rs-weissach-package-orange-lava\/","title":{"rendered":"Porsche 911 (991.2) GT3 RS Weissach Package"},"content":{"rendered":"","protected":false},"excerpt":{"rendered":"<p>Cette voiture miniature, \u00e0 l&rsquo;\u00e9chelle 1:18, reproduit la Porsche 911 (991.2) GT3 RS Weissach Package dans un captivant coloris orange Lava. Con\u00e7u par AUTOart, ce mod\u00e8le r\u00e9duit est fabriqu\u00e9 en composite, avec des parties ouvrantes.<\/p>\n","protected":false},"featured_media":102255,"template":"","meta":{"_seopress_robots_primary_cat":"","_seopress_titles_title":"","_seopress_titles_desc":"","_seopress_robots_index":"","_seopress_analysis_target_kw":""},"product_brand":[],"product_cat":[118,163],"product_tag":[117,119,84],"class_list":{"0":"post-51449","1":"product","2":"type-product","3":"status-publish","4":"has-post-thumbnail","6":"product_cat-autoart","7":"product_cat-precommandes","8":"product_tag-avec-ouvrants","9":"product_tag-composite","10":"product_tag-echelle-118","12":"first","13":"instock","14":"taxable","15":"shipping-taxable","16":"purchasable","17":"product-type-simple"},"_links":{"self":[{"href":"https:\/\/modelkars.com\/fr\/wp-json\/wp\/v2\/product\/51449","targetHints":{"allow":["GET"]}}],"collection":[{"href":"https:\/\/modelkars.com\/fr\/wp-json\/wp\/v2\/product"}],"about":[{"href":"https:\/\/modelkars.com\/fr\/wp-json\/wp\/v2\/types\/product"}],"wp:featuredmedia":[{"embeddable":true,"href":"https:\/\/modelkars.com\/fr\/wp-json\/wp\/v2\/media\/102255"}],"wp:attachment":[{"href":"https:\/\/modelkars.com\/fr\/wp-json\/wp\/v2\/media?parent=51449"}],"wp:term":[{"taxonomy":"product_brand","embeddable":true,"href":"https:\/\/modelkars.com\/fr\/wp-json\/wp\/v2\/product_brand?post=51449"},{"taxonomy":"product_cat","embeddable":true,"href":"https:\/\/modelkars.com\/fr\/wp-json\/wp\/v2\/product_cat?post=51449"},{"taxonomy":"product_tag","embeddable":true,"href":"https:\/\/modelkars.com\/fr\/wp-json\/wp\/v2\/product_tag?post=51449"}],"curies":[{"name":"wp","href":"https:\/\/api.w.org\/{rel}","templated":true}]}}