{"id":51306,"date":"2025-06-18T00:00:01","date_gmt":"2025-06-17T22:00:01","guid":{"rendered":"https:\/\/modelkars.com\/?post_type=product&#038;p=51306"},"modified":"2025-12-02T00:00:19","modified_gmt":"2025-12-01T23:00:19","slug":"12s044-porsche-911-rsr-rexy-56-project-1-ao-verte-et-decorations-dinosaure","status":"publish","type":"product","link":"https:\/\/modelkars.com\/fr\/shop\/spark\/12s044-porsche-911-rsr-rexy-56-project-1-ao-verte-et-decorations-dinosaure\/","title":{"rendered":"Porsche 911 RSR \u00ab\u00a0Rexy\u00a0\u00bb #56 Le Mans 2023"},"content":{"rendered":"","protected":false},"excerpt":{"rendered":"<p>Cette voiture miniature \u00e0 l&rsquo;\u00e9chelle 1:12\u00e8me reproduit la Porsche 911 RSR \u00ab\u00a0Rexy\u00a0\u00bb #56 Project 1-AO dans un coloris verte et d\u00e9corations dinosaure. Cette voiture de course a \u00e9t\u00e9 engag\u00e9e par l\u2019\u00e9quipe Project 1-AO lors des 24 Heures du Mans 2023 et termine \u00e0 la 7\u00e8me place. Sa couleur verte et sa livr\u00e9e embl\u00e9matique ont fait de \u00ab\u00a0Rexy\u00a0\u00bb l\u2019une des voitures les plus populaires de l\u2019\u00e9dition du centenaire. Fabriqu\u00e9 par Spark, ce mod\u00e8le r\u00e9duit est r\u00e9alis\u00e9 en r\u00e9sine et livr\u00e9 avec une vitrine transparente. Miniature produite en s\u00e9rie limit\u00e9e.<\/p>\n","protected":false},"featured_media":68417,"template":"","meta":{"_seopress_robots_primary_cat":"","_seopress_titles_title":"","_seopress_titles_desc":"","_seopress_robots_index":""},"product_brand":[],"product_cat":[216],"product_tag":[188,93,92,85,86,323],"class_list":{"0":"post-51306","1":"product","2":"type-product","3":"status-publish","4":"has-post-thumbnail","6":"product_cat-spark","7":"product_tag-echelle-112","8":"product_tag-edition-limitee","9":"product_tag-resine","10":"product_tag-sans-ouvrants","11":"product_tag-socle-inclus","12":"product_tag-vitrine-incluse","14":"first","15":"outofstock","16":"taxable","17":"shipping-taxable","18":"purchasable","19":"product-type-simple"},"_links":{"self":[{"href":"https:\/\/modelkars.com\/fr\/wp-json\/wp\/v2\/product\/51306","targetHints":{"allow":["GET"]}}],"collection":[{"href":"https:\/\/modelkars.com\/fr\/wp-json\/wp\/v2\/product"}],"about":[{"href":"https:\/\/modelkars.com\/fr\/wp-json\/wp\/v2\/types\/product"}],"wp:featuredmedia":[{"embeddable":true,"href":"https:\/\/modelkars.com\/fr\/wp-json\/wp\/v2\/media\/68417"}],"wp:attachment":[{"href":"https:\/\/modelkars.com\/fr\/wp-json\/wp\/v2\/media?parent=51306"}],"wp:term":[{"taxonomy":"product_brand","embeddable":true,"href":"https:\/\/modelkars.com\/fr\/wp-json\/wp\/v2\/product_brand?post=51306"},{"taxonomy":"product_cat","embeddable":true,"href":"https:\/\/modelkars.com\/fr\/wp-json\/wp\/v2\/product_cat?post=51306"},{"taxonomy":"product_tag","embeddable":true,"href":"https:\/\/modelkars.com\/fr\/wp-json\/wp\/v2\/product_tag?post=51306"}],"curies":[{"name":"wp","href":"https:\/\/api.w.org\/{rel}","templated":true}]}}