{"id":5078,"date":"2019-05-30T16:47:49","date_gmt":"2019-05-30T14:47:49","guid":{"rendered":"https:\/\/modelkars.com\/?post_type=product&#038;p=5078"},"modified":"2025-12-01T01:55:34","modified_gmt":"2025-12-01T00:55:34","slug":"ig1046-mazda-rx-7-fd3s-re-amemiya-bleue","status":"publish","type":"product","link":"https:\/\/modelkars.com\/fr\/shop\/ignition-model\/ig1046-mazda-rx-7-fd3s-re-amemiya-bleue\/","title":{"rendered":"Mazda RX-7 (FD3S) RE-Amemiya"},"content":{"rendered":"","protected":false},"excerpt":{"rendered":"<p>Amemiya est un tuner japonais sp\u00e9cialis\u00e9 dans la modification de Mazda \u00e0 moteurs rotatifs. Cette superbe Mazda RX-7 bleue est reproduite \u00e0 l&rsquo;\u00e9chelle 1:18 par le fabricant Ignition Model. Un mod\u00e8le r\u00e9duit d&rsquo;une qualit\u00e9 exceptionnelle !<\/p>\n","protected":false},"featured_media":5083,"template":"","meta":{"_seopress_robots_primary_cat":"","_seopress_titles_title":"","_seopress_titles_desc":"","_seopress_robots_index":""},"product_brand":[],"product_cat":[211],"product_tag":[84,85,86],"class_list":{"0":"post-5078","1":"product","2":"type-product","3":"status-publish","4":"has-post-thumbnail","6":"product_cat-ignition-model","7":"product_tag-echelle-118","8":"product_tag-sans-ouvrants","9":"product_tag-socle-inclus","10":"product_shipping_class-delivengo","12":"first","13":"outofstock","14":"taxable","15":"shipping-taxable","16":"purchasable","17":"product-type-simple"},"_links":{"self":[{"href":"https:\/\/modelkars.com\/fr\/wp-json\/wp\/v2\/product\/5078","targetHints":{"allow":["GET"]}}],"collection":[{"href":"https:\/\/modelkars.com\/fr\/wp-json\/wp\/v2\/product"}],"about":[{"href":"https:\/\/modelkars.com\/fr\/wp-json\/wp\/v2\/types\/product"}],"wp:featuredmedia":[{"embeddable":true,"href":"https:\/\/modelkars.com\/fr\/wp-json\/wp\/v2\/media\/5083"}],"wp:attachment":[{"href":"https:\/\/modelkars.com\/fr\/wp-json\/wp\/v2\/media?parent=5078"}],"wp:term":[{"taxonomy":"product_brand","embeddable":true,"href":"https:\/\/modelkars.com\/fr\/wp-json\/wp\/v2\/product_brand?post=5078"},{"taxonomy":"product_cat","embeddable":true,"href":"https:\/\/modelkars.com\/fr\/wp-json\/wp\/v2\/product_cat?post=5078"},{"taxonomy":"product_tag","embeddable":true,"href":"https:\/\/modelkars.com\/fr\/wp-json\/wp\/v2\/product_tag?post=5078"}],"curies":[{"name":"wp","href":"https:\/\/api.w.org\/{rel}","templated":true}]}}