{"id":50400,"date":"2024-01-26T00:00:01","date_gmt":"2024-01-25T23:00:01","guid":{"rendered":"https:\/\/modelkars.com\/?post_type=product&#038;p=50400"},"modified":"2025-12-01T01:53:26","modified_gmt":"2025-12-01T00:53:26","slug":"ts0523-chevrolet-corvette-c8-r-33-vainqueur-lmgte-le-mans-2023-version-apres-course-jaune-team-corvette-racing","status":"publish","type":"product","link":"https:\/\/modelkars.com\/fr\/shop\/topspeed\/ts0523-chevrolet-corvette-c8-r-33-vainqueur-lmgte-le-mans-2023-version-apres-course-jaune-team-corvette-racing\/","title":{"rendered":"Chevrolet Corvette C8.R #33 Vainqueur LMGTE Le Mans 2023 (version apr\u00e8s-course)"},"content":{"rendered":"","protected":false},"excerpt":{"rendered":"<p>Cette voiture miniature \u00e0 l&rsquo;\u00e9chelle 1:18\u00e8me reproduit la Chevrolet Corvette C8.R num\u00e9ro 33, victorieuse dans la cat\u00e9gorie LMGTE aux 24 heures du Mans 2023, aux couleurs jaunes du Corvette Racing dans une version apr\u00e8s-course. Fabriqu\u00e9 par TopSpeed, ce mod\u00e8le r\u00e9duit est r\u00e9alis\u00e9 en r\u00e9sine. Egalement disponible en version avant-course.<\/p>\n","protected":false},"featured_media":50477,"template":"","meta":{"_seopress_robots_primary_cat":"","_seopress_titles_title":"","_seopress_titles_desc":"","_seopress_robots_index":""},"product_brand":[],"product_cat":[74],"product_tag":[84,92,85],"class_list":{"0":"post-50400","1":"product","2":"type-product","3":"status-publish","4":"has-post-thumbnail","6":"product_cat-topspeed","7":"product_tag-echelle-118","8":"product_tag-resine","9":"product_tag-sans-ouvrants","11":"first","12":"outofstock","13":"taxable","14":"shipping-taxable","15":"purchasable","16":"product-type-simple"},"_links":{"self":[{"href":"https:\/\/modelkars.com\/fr\/wp-json\/wp\/v2\/product\/50400","targetHints":{"allow":["GET"]}}],"collection":[{"href":"https:\/\/modelkars.com\/fr\/wp-json\/wp\/v2\/product"}],"about":[{"href":"https:\/\/modelkars.com\/fr\/wp-json\/wp\/v2\/types\/product"}],"wp:featuredmedia":[{"embeddable":true,"href":"https:\/\/modelkars.com\/fr\/wp-json\/wp\/v2\/media\/50477"}],"wp:attachment":[{"href":"https:\/\/modelkars.com\/fr\/wp-json\/wp\/v2\/media?parent=50400"}],"wp:term":[{"taxonomy":"product_brand","embeddable":true,"href":"https:\/\/modelkars.com\/fr\/wp-json\/wp\/v2\/product_brand?post=50400"},{"taxonomy":"product_cat","embeddable":true,"href":"https:\/\/modelkars.com\/fr\/wp-json\/wp\/v2\/product_cat?post=50400"},{"taxonomy":"product_tag","embeddable":true,"href":"https:\/\/modelkars.com\/fr\/wp-json\/wp\/v2\/product_tag?post=50400"}],"curies":[{"name":"wp","href":"https:\/\/api.w.org\/{rel}","templated":true}]}}