{"id":50105,"date":"2025-01-14T00:00:01","date_gmt":"2025-01-13T23:00:01","guid":{"rendered":"https:\/\/modelkars.com\/?post_type=product&#038;p=50105"},"modified":"2025-12-01T01:52:42","modified_gmt":"2025-12-01T00:52:42","slug":"08416r2-ferrari-f40-rouge","status":"publish","type":"product","link":"https:\/\/modelkars.com\/fr\/shop\/kyosho\/08416r2-ferrari-f40-rouge\/","title":{"rendered":"Ferrari F40"},"content":{"rendered":"","protected":false},"excerpt":{"rendered":"<p>Cette voiture miniature \u00e0 l&rsquo;\u00e9chelle 1:18\u00e8me reproduit la Ferrari F40 dans un coloris rouge. Mod\u00e8le produit en collaboration avec BBR. Fabriqu\u00e9 par Kyosho, ce mod\u00e8le r\u00e9duit est r\u00e9alis\u00e9 en m\u00e9tal. Certaines parties sont ouvrantes. Miniature produite en s\u00e9rie limit\u00e9e.<\/p>\n","protected":false},"featured_media":51996,"template":"","meta":{"_seopress_robots_primary_cat":"","_seopress_titles_title":"","_seopress_titles_desc":"","_seopress_robots_index":""},"product_brand":[],"product_cat":[75],"product_tag":[117,84,93,89],"class_list":{"0":"post-50105","1":"product","2":"type-product","3":"status-publish","4":"has-post-thumbnail","6":"product_cat-kyosho","7":"product_tag-avec-ouvrants","8":"product_tag-echelle-118","9":"product_tag-edition-limitee","10":"product_tag-metal","12":"first","13":"outofstock","14":"taxable","15":"shipping-taxable","16":"purchasable","17":"product-type-simple"},"_links":{"self":[{"href":"https:\/\/modelkars.com\/fr\/wp-json\/wp\/v2\/product\/50105","targetHints":{"allow":["GET"]}}],"collection":[{"href":"https:\/\/modelkars.com\/fr\/wp-json\/wp\/v2\/product"}],"about":[{"href":"https:\/\/modelkars.com\/fr\/wp-json\/wp\/v2\/types\/product"}],"wp:featuredmedia":[{"embeddable":true,"href":"https:\/\/modelkars.com\/fr\/wp-json\/wp\/v2\/media\/51996"}],"wp:attachment":[{"href":"https:\/\/modelkars.com\/fr\/wp-json\/wp\/v2\/media?parent=50105"}],"wp:term":[{"taxonomy":"product_brand","embeddable":true,"href":"https:\/\/modelkars.com\/fr\/wp-json\/wp\/v2\/product_brand?post=50105"},{"taxonomy":"product_cat","embeddable":true,"href":"https:\/\/modelkars.com\/fr\/wp-json\/wp\/v2\/product_cat?post=50105"},{"taxonomy":"product_tag","embeddable":true,"href":"https:\/\/modelkars.com\/fr\/wp-json\/wp\/v2\/product_tag?post=50105"}],"curies":[{"name":"wp","href":"https:\/\/api.w.org\/{rel}","templated":true}]}}