{"id":49542,"date":"2026-01-28T00:00:01","date_gmt":"2026-01-27T23:00:01","guid":{"rendered":"https:\/\/modelkars.com\/?post_type=product&#038;p=49542"},"modified":"2026-01-29T21:54:57","modified_gmt":"2026-01-29T20:54:57","slug":"vet1803a1-vitrine-socle-simili-cuir-gris-bbr","status":"publish","type":"product","link":"https:\/\/modelkars.com\/fr\/shop\/accessoires\/vet1803a1-vitrine-socle-simili-cuir-gris-bbr\/","title":{"rendered":"Vitrine BBR avec socle similicuir gris"},"content":{"rendered":"","protected":false},"excerpt":{"rendered":"<p>Sublimez votre mod\u00e8le r\u00e9duit avec cette vitrine haut de gamme pour voiture miniature \u00e0 l&rsquo;\u00e9chelle 1:18\u00e8me ! Compos\u00e9 d&rsquo;un socle de haute qualit\u00e9 en similicuir gris et d&rsquo;une vitrine plexiglass, cette vitrine fabriqu\u00e9e par BBR sera id\u00e9ale pour mettre en valeur et prot\u00e9ger le mod\u00e8le de votre choix.<\/p>\n","protected":false},"featured_media":49758,"template":"","meta":{"_seopress_robots_primary_cat":"","_seopress_titles_title":"","_seopress_titles_desc":"","_seopress_robots_index":""},"product_brand":[],"product_cat":[167,315],"product_tag":[86,323],"class_list":{"0":"post-49542","1":"product","2":"type-product","3":"status-publish","4":"has-post-thumbnail","6":"product_cat-accessoires","7":"product_cat-bbr","8":"product_tag-socle-inclus","9":"product_tag-vitrine-incluse","11":"first","12":"outofstock","13":"taxable","14":"shipping-taxable","15":"purchasable","16":"product-type-simple"},"_links":{"self":[{"href":"https:\/\/modelkars.com\/fr\/wp-json\/wp\/v2\/product\/49542","targetHints":{"allow":["GET"]}}],"collection":[{"href":"https:\/\/modelkars.com\/fr\/wp-json\/wp\/v2\/product"}],"about":[{"href":"https:\/\/modelkars.com\/fr\/wp-json\/wp\/v2\/types\/product"}],"wp:featuredmedia":[{"embeddable":true,"href":"https:\/\/modelkars.com\/fr\/wp-json\/wp\/v2\/media\/49758"}],"wp:attachment":[{"href":"https:\/\/modelkars.com\/fr\/wp-json\/wp\/v2\/media?parent=49542"}],"wp:term":[{"taxonomy":"product_brand","embeddable":true,"href":"https:\/\/modelkars.com\/fr\/wp-json\/wp\/v2\/product_brand?post=49542"},{"taxonomy":"product_cat","embeddable":true,"href":"https:\/\/modelkars.com\/fr\/wp-json\/wp\/v2\/product_cat?post=49542"},{"taxonomy":"product_tag","embeddable":true,"href":"https:\/\/modelkars.com\/fr\/wp-json\/wp\/v2\/product_tag?post=49542"}],"curies":[{"name":"wp","href":"https:\/\/api.w.org\/{rel}","templated":true}]}}