{"id":49036,"date":"2023-12-21T20:33:39","date_gmt":"2023-12-21T19:33:39","guid":{"rendered":"https:\/\/modelkars.com\/?post_type=product&#038;p=49036"},"modified":"2025-12-01T01:53:28","modified_gmt":"2025-12-01T00:53:28","slug":"wap0231510pgt2-porsche-911-gt2-rs-clubsport-25-silver","status":"publish","type":"product","link":"https:\/\/modelkars.com\/fr\/shop\/spark\/wap0231510pgt2-porsche-911-gt2-rs-clubsport-25-silver\/","title":{"rendered":"Porsche 911 GT2 RS Clubsport 25"},"content":{"rendered":"","protected":false},"excerpt":{"rendered":"<p>D\u00e9couvrez la magnifique Porsche 911 GT2 RS Clubsport 25 reproduite par Spark \u00e0 l&rsquo;\u00e9chelle 1:12 dans sa superbe livr\u00e9e grise. Ce mod\u00e8le r\u00e9duit exceptionnel est livr\u00e9 avec un socle et une vitrine, parfaits pour l&rsquo;exposer fi\u00e8rement dans votre collection. Avec ses d\u00e9tails minutieux et sa qualit\u00e9 de fabrication, cette Porsche miniature est un v\u00e9ritable bijou pour les passionn\u00e9s de Porsche. Edition limit\u00e9e \u00e0 222 exemplaires avec plaque num\u00e9rot\u00e9e.<\/p>\n","protected":false},"featured_media":49038,"template":"","meta":{"_seopress_robots_primary_cat":"none","_seopress_titles_title":"","_seopress_titles_desc":"","_seopress_robots_index":""},"product_brand":[],"product_cat":[216],"product_tag":[188,93,92,85,86,323],"class_list":{"0":"post-49036","1":"product","2":"type-product","3":"status-publish","4":"has-post-thumbnail","6":"product_cat-spark","7":"product_tag-echelle-112","8":"product_tag-edition-limitee","9":"product_tag-resine","10":"product_tag-sans-ouvrants","11":"product_tag-socle-inclus","12":"product_tag-vitrine-incluse","14":"first","15":"outofstock","16":"taxable","17":"shipping-taxable","18":"purchasable","19":"product-type-simple"},"_links":{"self":[{"href":"https:\/\/modelkars.com\/fr\/wp-json\/wp\/v2\/product\/49036","targetHints":{"allow":["GET"]}}],"collection":[{"href":"https:\/\/modelkars.com\/fr\/wp-json\/wp\/v2\/product"}],"about":[{"href":"https:\/\/modelkars.com\/fr\/wp-json\/wp\/v2\/types\/product"}],"wp:featuredmedia":[{"embeddable":true,"href":"https:\/\/modelkars.com\/fr\/wp-json\/wp\/v2\/media\/49038"}],"wp:attachment":[{"href":"https:\/\/modelkars.com\/fr\/wp-json\/wp\/v2\/media?parent=49036"}],"wp:term":[{"taxonomy":"product_brand","embeddable":true,"href":"https:\/\/modelkars.com\/fr\/wp-json\/wp\/v2\/product_brand?post=49036"},{"taxonomy":"product_cat","embeddable":true,"href":"https:\/\/modelkars.com\/fr\/wp-json\/wp\/v2\/product_cat?post=49036"},{"taxonomy":"product_tag","embeddable":true,"href":"https:\/\/modelkars.com\/fr\/wp-json\/wp\/v2\/product_tag?post=49036"}],"curies":[{"name":"wp","href":"https:\/\/api.w.org\/{rel}","templated":true}]}}