{"id":47525,"date":"2024-07-01T00:00:01","date_gmt":"2024-06-30T22:00:01","guid":{"rendered":"https:\/\/modelkars.com\/?post_type=product&#038;p=47525"},"modified":"2025-12-02T00:00:30","modified_gmt":"2025-12-01T23:00:30","slug":"gt448-porsche-911-rwb-osho-bleu-arrow","status":"publish","type":"product","link":"https:\/\/modelkars.com\/fr\/shop\/gt-spirit\/gt448-porsche-911-rwb-osho-bleu-arrow\/","title":{"rendered":"Porsche 911 RWB Osho"},"content":{"rendered":"","protected":false},"excerpt":{"rendered":"<p>La Porsche 911 RWB Osho de GT Spirit est une voiture miniature \u00e0 l&rsquo;\u00e9chelle 1:18. Elle est fabriqu\u00e9e en r\u00e9sine de haute qualit\u00e9 et est pr\u00e9sent\u00e9e dans une couleur bleu Arrow attrayante. Cette \u00e9dition est une s\u00e9rie limit\u00e9e et est livr\u00e9e avec un socle pour une pr\u00e9sentation \u00e9l\u00e9gante.<\/p>\n","protected":false},"featured_media":52662,"template":"","meta":{"_seopress_robots_primary_cat":"","_seopress_titles_title":"","_seopress_titles_desc":"","_seopress_robots_index":""},"product_brand":[],"product_cat":[71],"product_tag":[84,93,537,92,85,86],"class_list":{"0":"post-47525","1":"product","2":"type-product","3":"status-publish","4":"has-post-thumbnail","6":"product_cat-gt-spirit","7":"product_tag-echelle-118","8":"product_tag-edition-limitee","9":"product_tag-mai-2024","10":"product_tag-resine","11":"product_tag-sans-ouvrants","12":"product_tag-socle-inclus","14":"first","15":"instock","16":"taxable","17":"shipping-taxable","18":"purchasable","19":"product-type-simple"},"_links":{"self":[{"href":"https:\/\/modelkars.com\/fr\/wp-json\/wp\/v2\/product\/47525","targetHints":{"allow":["GET"]}}],"collection":[{"href":"https:\/\/modelkars.com\/fr\/wp-json\/wp\/v2\/product"}],"about":[{"href":"https:\/\/modelkars.com\/fr\/wp-json\/wp\/v2\/types\/product"}],"wp:featuredmedia":[{"embeddable":true,"href":"https:\/\/modelkars.com\/fr\/wp-json\/wp\/v2\/media\/52662"}],"wp:attachment":[{"href":"https:\/\/modelkars.com\/fr\/wp-json\/wp\/v2\/media?parent=47525"}],"wp:term":[{"taxonomy":"product_brand","embeddable":true,"href":"https:\/\/modelkars.com\/fr\/wp-json\/wp\/v2\/product_brand?post=47525"},{"taxonomy":"product_cat","embeddable":true,"href":"https:\/\/modelkars.com\/fr\/wp-json\/wp\/v2\/product_cat?post=47525"},{"taxonomy":"product_tag","embeddable":true,"href":"https:\/\/modelkars.com\/fr\/wp-json\/wp\/v2\/product_tag?post=47525"}],"curies":[{"name":"wp","href":"https:\/\/api.w.org\/{rel}","templated":true}]}}