{"id":47522,"date":"2024-05-06T00:00:01","date_gmt":"2024-05-05T22:00:01","guid":{"rendered":"https:\/\/modelkars.com\/?post_type=product&#038;p=47522"},"modified":"2025-12-01T01:53:12","modified_gmt":"2025-12-01T00:53:12","slug":"gt452-koenigsegg-cc850-argent-moon","status":"publish","type":"product","link":"https:\/\/modelkars.com\/fr\/shop\/gt-spirit\/gt452-koenigsegg-cc850-argent-moon\/","title":{"rendered":"Koenigsegg CC850"},"content":{"rendered":"","protected":false},"excerpt":{"rendered":"<p>Cette Koenigsegg CC850 est une voiture de collection fabriqu\u00e9e par GT Spirit. R\u00e9plique \u00e0 l&rsquo;\u00e9chelle 1:18 r\u00e9alis\u00e9e en r\u00e9sine de haute qualit\u00e9, elle offre des d\u00e9tails pr\u00e9cis et une finition exceptionnelle dans cette teinte argent Moon. Cette \u00e9dition est limit\u00e9e, ce qui en fera un objet de collection tr\u00e8s recherch\u00e9 ! De plus, la voiture est livr\u00e9e avec un socle, permettant de l&rsquo;exposer fi\u00e8rement dans votre collection.<\/p>\n","protected":false},"featured_media":47584,"template":"","meta":{"_seopress_robots_primary_cat":"","_seopress_titles_title":"","_seopress_titles_desc":"","_seopress_robots_index":"","_seopress_analysis_target_kw":""},"product_brand":[],"product_cat":[71],"product_tag":[536,84,93,92,85,86],"class_list":{"0":"post-47522","1":"product","2":"type-product","3":"status-publish","4":"has-post-thumbnail","6":"product_cat-gt-spirit","7":"product_tag-avril-2024","8":"product_tag-echelle-118","9":"product_tag-edition-limitee","10":"product_tag-resine","11":"product_tag-sans-ouvrants","12":"product_tag-socle-inclus","14":"first","15":"outofstock","16":"taxable","17":"shipping-taxable","18":"purchasable","19":"product-type-simple"},"_links":{"self":[{"href":"https:\/\/modelkars.com\/fr\/wp-json\/wp\/v2\/product\/47522","targetHints":{"allow":["GET"]}}],"collection":[{"href":"https:\/\/modelkars.com\/fr\/wp-json\/wp\/v2\/product"}],"about":[{"href":"https:\/\/modelkars.com\/fr\/wp-json\/wp\/v2\/types\/product"}],"wp:featuredmedia":[{"embeddable":true,"href":"https:\/\/modelkars.com\/fr\/wp-json\/wp\/v2\/media\/47584"}],"wp:attachment":[{"href":"https:\/\/modelkars.com\/fr\/wp-json\/wp\/v2\/media?parent=47522"}],"wp:term":[{"taxonomy":"product_brand","embeddable":true,"href":"https:\/\/modelkars.com\/fr\/wp-json\/wp\/v2\/product_brand?post=47522"},{"taxonomy":"product_cat","embeddable":true,"href":"https:\/\/modelkars.com\/fr\/wp-json\/wp\/v2\/product_cat?post=47522"},{"taxonomy":"product_tag","embeddable":true,"href":"https:\/\/modelkars.com\/fr\/wp-json\/wp\/v2\/product_tag?post=47522"}],"curies":[{"name":"wp","href":"https:\/\/api.w.org\/{rel}","templated":true}]}}