{"id":47238,"date":"2023-11-22T11:34:18","date_gmt":"2023-11-22T10:34:18","guid":{"rendered":"https:\/\/modelkars.com\/?post_type=product&#038;p=47238"},"modified":"2025-12-01T01:53:32","modified_gmt":"2025-12-01T00:53:32","slug":"idee-cadeau-voiture-miniature","status":"publish","type":"product","link":"https:\/\/modelkars.com\/fr\/shop\/cartes-cadeau\/idee-cadeau-voiture-miniature\/","title":{"rendered":"e-Carte Cadeau"},"content":{"rendered":"\n\t<section class=\"section\" id=\"section_1369971167\">\n\t\t<div class=\"section-bg fill\" >\n\t\t\t\t\t\t\t\t\t\n\t\t\t\n\n\t\t<\/div>\n\n\t\t\n\n\t\t<div class=\"section-content relative\">\n\t\t\t\n<div class=\"row\"  id=\"row-238139250\">\n\n\t<div id=\"col-120998379\" class=\"col small-12 large-12\"  >\n\t\t\t\t<div class=\"col-inner\"  >\n\t\t\t\n\t\t\t\n\t<div id=\"stack-1027249198\" class=\"stack stack-row justify-start items-stretch sm:stack-col\">\n\t\t\n    <div class=\"box has-hover giftcard-badge has-hover box-push box-text-bottom\" >\n\n                  <div class=\"box-image \" style=\"width:1%;\">\n           <div class=\"box-image-inner image-cover\" style=\"border-radius:100%;padding-top:100%;\">\n              <img decoding=\"async\" width=\"1\" height=\"1\" src=\"https:\/\/modelkars.com\/wp-content\/uploads\/whitepixel.png\" class=\"attachment- size-\" alt=\"\" \/>                         <\/div>\n          <\/div>\n         \n          <div class=\"box-text text-center\" style=\"padding:0px 0px 0px 0px;\">\n                <div class=\"box-text-inner\">\n                  <h4 class=\"uppercase\">\n                    <span class=\"person-name\">Le cadeau id\u00e9al \ud83c\udf81<\/span><br\/>\n                    <span class=\"person-title is-small thin-font op-7\">\n                      Fa\u00eetes plaisir \u00e0 coup s\u00fbr !                    <\/span>\n                  <\/h4>\n\t\t\t\t\t\n<p>Un choix parmi plusieurs centaines de voitures miniatures de collection \u00e0 l&rsquo;\u00e9chelle 1:18.<\/p>\n                <\/div>\n          <\/div>\n    <\/div>\n\n\t\n    \n    <div class=\"box has-hover giftcard-badge has-hover box-push box-text-bottom\" >\n\n                  <div class=\"box-image \" style=\"width:1%;\">\n           <div class=\"box-image-inner image-cover\" style=\"border-radius:100%;padding-top:100%;\">\n              <img decoding=\"async\" width=\"1\" height=\"1\" src=\"https:\/\/modelkars.com\/wp-content\/uploads\/whitepixel.png\" class=\"attachment- size-\" alt=\"\" \/>                         <\/div>\n          <\/div>\n         \n          <div class=\"box-text text-center\" style=\"padding:0px 0px 0px 0px;\">\n                <div class=\"box-text-inner\">\n                  <h4 class=\"uppercase\">\n                    <span class=\"person-name\">Envoi imm\u00e9diat \ud83d\ude80<\/span><br\/>\n                    <span class=\"person-title is-small thin-font op-7\">\n                      ...ou diff\u00e9r\u00e9 !                    <\/span>\n                  <\/h4>\n\t\t\t\t\t\n<p>Recevez votre e-Carte Cadeau, ou programmez son envoi au destinataire et \u00e0 la date de votre choix.<\/p>\n                <\/div>\n          <\/div>\n    <\/div>\n\n\t\n    \n    <div class=\"box has-hover giftcard-badge has-hover box-push box-text-bottom\" >\n\n                  <div class=\"box-image \" style=\"width:1%;\">\n           <div class=\"box-image-inner image-cover\" style=\"border-radius:100%;padding-top:100%;\">\n              <img decoding=\"async\" width=\"1\" height=\"1\" src=\"https:\/\/modelkars.com\/wp-content\/uploads\/whitepixel.png\" class=\"attachment- size-\" alt=\"\" \/>                         <\/div>\n          <\/div>\n         \n          <div class=\"box-text text-center\" style=\"padding:0px 0px 0px 0px;\">\n                <div class=\"box-text-inner\">\n                  <h4 class=\"uppercase\">\n                    <span class=\"person-name\">N'expire jamais \ud83d\udc4c<\/span><br\/>\n                    <span class=\"person-title is-small thin-font op-7\">\n                      Aucune date d'expiration                    <\/span>\n                  <\/h4>\n\t\t\t\t\t\n<p>Donnez \u00e0 vos proches la libert\u00e9 d&rsquo;utiliser la e-Carte Cadeau quand ils le souhaitent et sans contrainte.<\/p>\n                <\/div>\n          <\/div>\n    <\/div>\n\n\t\n    \n\t\t\n<style>\n#stack-1027249198 > * {\n  --stack-gap: 6.75rem;\n}\n@media (min-width:550px) {\n  #stack-1027249198 > * {\n    --stack-gap: 0rem;\n  }\n}\n@media (min-width:850px) {\n  #stack-1027249198 > * {\n    --stack-gap: 4.5rem;\n  }\n}\n<\/style>\n\t<\/div>\n\t\n\t\t<\/div>\n\t\t\t\t\t<\/div>\n\n\t\n<\/div>\n<div class=\"row\"  id=\"row-692795344\">\n\n\t<div id=\"col-1087365436\" class=\"col small-12 large-12\"  >\n\t\t\t\t<div class=\"col-inner\"  >\n\t\t\t\n\t\t\t\n<div class=\"accordion\">\n\t<div id=\"accordion-2272040300\" class=\"accordion-item\">\n\t\t<a id=\"accordion-2272040300-label\" class=\"accordion-title plain\" href=\"#accordion-item-modalit\u00e9s-compl\u00e8tes\" aria-expanded=\"false\" aria-controls=\"accordion-2272040300-content\">\n\t\t\t<button class=\"toggle\" aria-label=\"Basculer\"><i class=\"icon-angle-down\" aria-hidden=\"true\"><\/i><\/button>\n\t\t\t<span>Modalit\u00e9s compl\u00e8tes<\/span>\n\t\t<\/a>\n\t\t<div id=\"accordion-2272040300-content\" class=\"accordion-inner\" aria-labelledby=\"accordion-2272040300-label\">\n\t\t\t\n<div class=\"row\"  id=\"row-49275853\">\n\n\t<div id=\"col-2144804556\" class=\"col medium-6 small-12 large-6\"  >\n\t\t\t\t<div class=\"col-inner\"  >\n\t\t\t\n\t\t\t\n<p><strong>Activation et date d&rsquo;expiration :<\/strong><br \/>\nCette e-Carte Cadeau est activ\u00e9e le jour de l&rsquo;achat et ne poss\u00e8de aucune date d&rsquo;expiration.<\/p>\n<p><strong>Eligibilit\u00e9 et limitations :<\/strong><br \/>\nCette e-Carte Cadeau est valable pour l&rsquo;achat de mod\u00e8les en stock sur le site internet de Modelkars (hors pr\u00e9commandes, accessoires, cartes cadeau).<\/p>\n<p><strong>Consigne d&rsquo;utilisation :<\/strong><br \/>\nEntrez le code de votre e-Carte Cadeau dans le champ \u00ab\u00a0Code promo \/ Bon de r\u00e9duction \/ Carte cadeau\u00a0\u00bb lors de votre achat.<\/p>\n\t\t<\/div>\n\t\t\t\t\t<\/div>\n\n\t\n\n\t<div id=\"col-1668783694\" class=\"col medium-6 small-12 large-6\"  >\n\t\t\t\t<div class=\"col-inner\"  >\n\t\t\t\n\t\t\t\n<p><strong>Utilisation partielle :<\/strong><br \/>\nCette e-Carte Cadeau peut \u00eatre utilis\u00e9e en plusieurs fois jusqu&rsquo;\u00e0 \u00e9puisement du solde. Le solde restant peut \u00eatre v\u00e9rifi\u00e9 \u00e0 tout moment dans votre compte Modelkars : si le d\u00e9tenteur est sp\u00e9cifi\u00e9 lors de l&rsquo;achat, ou si la carte a d\u00e9j\u00e0 \u00e9t\u00e9 partiellement utilis\u00e9e.<\/p>\n<p><strong>Remboursement :<\/strong><br \/>\nCette e-Carte Cadeau n&rsquo;est pas remboursable.<\/p>\n<p><strong>Perte ou vol :<br \/>\n<\/strong>Nous ne sommes pas responsables des cartes perdues, vol\u00e9es, endommag\u00e9es ou utilis\u00e9es sans autorisation.<\/p>\n\t\t<\/div>\n\t\t\t\t\t<\/div>\n\n\t\n<\/div>\n\t<div id=\"text-2725120964\" class=\"text\">\n\t\t\n<p style=\"text-align: center;\"><em>Image d&rsquo;illustration. Les \u00e9l\u00e9ments d\u00e9coratifs, produits et accessoires pr\u00e9sent\u00e9s ne sont pas inclus.\u00a0<\/em><\/p>\n\t\t\n<style>\n#text-2725120964 {\n  font-size: 0.85rem;\n}\n<\/style>\n\t<\/div>\n\t\n\t\t<\/div>\n\t<\/div>\n\t\n<\/div>\n\t\t<\/div>\n\t\t\t\t\n<style>\n#col-1087365436 > .col-inner {\n  margin: 30px 0px 0px 0px;\n}\n<\/style>\n\t<\/div>\n\n\t\n<\/div>\n\t\t<\/div>\n\n\t\t\n<style>\n#section_1369971167 {\n  padding-top: 30px;\n  padding-bottom: 30px;\n  background-color: rgb(255,255,255);\n}\n<\/style>\n\t<\/section>\n\t\n","protected":false},"excerpt":{"rendered":"<p>Vous ne savez pas quel mod\u00e8le offrir ? Soyez s\u00fbr de faire plaisir avec la e-Carte Cadeau \u00e0 utiliser sur Modelkars, sp\u00e9cialiste des voitures miniatures de collection \u00e0 l&rsquo;\u00e9chelle 1:18. Choisissez le cadeau parfait pour les passionn\u00e9s de mod\u00e8les r\u00e9duits avec cette carte cadeau donnant acc\u00e8s \u00e0 une large s\u00e9lection de voitures miniatures de qualit\u00e9 sup\u00e9rieure !<\/p>\n","protected":false},"featured_media":48169,"template":"","meta":{"_seopress_robots_primary_cat":"","_seopress_titles_title":"","_seopress_titles_desc":"","_seopress_robots_index":""},"product_brand":[],"product_cat":[535],"product_tag":[],"class_list":{"0":"post-47238","1":"product","2":"type-product","3":"status-publish","4":"has-post-thumbnail","6":"product_cat-cartes-cadeau","8":"first","9":"instock","10":"purchasable","11":"product-type-variable"},"_links":{"self":[{"href":"https:\/\/modelkars.com\/fr\/wp-json\/wp\/v2\/product\/47238","targetHints":{"allow":["GET"]}}],"collection":[{"href":"https:\/\/modelkars.com\/fr\/wp-json\/wp\/v2\/product"}],"about":[{"href":"https:\/\/modelkars.com\/fr\/wp-json\/wp\/v2\/types\/product"}],"wp:featuredmedia":[{"embeddable":true,"href":"https:\/\/modelkars.com\/fr\/wp-json\/wp\/v2\/media\/48169"}],"wp:attachment":[{"href":"https:\/\/modelkars.com\/fr\/wp-json\/wp\/v2\/media?parent=47238"}],"wp:term":[{"taxonomy":"product_brand","embeddable":true,"href":"https:\/\/modelkars.com\/fr\/wp-json\/wp\/v2\/product_brand?post=47238"},{"taxonomy":"product_cat","embeddable":true,"href":"https:\/\/modelkars.com\/fr\/wp-json\/wp\/v2\/product_cat?post=47238"},{"taxonomy":"product_tag","embeddable":true,"href":"https:\/\/modelkars.com\/fr\/wp-json\/wp\/v2\/product_tag?post=47238"}],"curies":[{"name":"wp","href":"https:\/\/api.w.org\/{rel}","templated":true}]}}