{"id":4663,"date":"2019-05-02T17:25:42","date_gmt":"2019-05-02T15:25:42","guid":{"rendered":"https:\/\/modelkars.com\/?post_type=product&#038;p=4663"},"modified":"2025-12-01T01:55:35","modified_gmt":"2025-12-01T00:55:35","slug":"gt253-lamborghini-miura-lb-works-noire","status":"publish","type":"product","link":"https:\/\/modelkars.com\/fr\/shop\/gt-spirit\/gt253-lamborghini-miura-lb-works-noire\/","title":{"rendered":"Lamborghini Miura LB-Works"},"content":{"rendered":"","protected":false},"excerpt":{"rendered":"<p>Liberty Walk ne s\u2019attaque pas qu\u2019aux supercars r\u00e9centes\u00a0! Cette Lamborghini Miura LB-Works est reproduite ici par GT Spirit \u00e0 l\u2019\u00e9chelle 1:18 jusque dans ses moindres d\u00e9tails dans sa version noire. La production sera limit\u00e9e \u00e0 seulement quelques exemplaires num\u00e9rot\u00e9s\u00a0: ne la manquez pas\u00a0!<\/p>\n","protected":false},"featured_media":5730,"template":"","meta":{"_seopress_robots_primary_cat":"none","_seopress_titles_title":"","_seopress_titles_desc":"","_seopress_robots_index":""},"product_brand":[],"product_cat":[71],"product_tag":[84,93,207,92,85],"class_list":{"0":"post-4663","1":"product","2":"type-product","3":"status-publish","4":"has-post-thumbnail","6":"product_cat-gt-spirit","7":"product_tag-echelle-118","8":"product_tag-edition-limitee","9":"product_tag-octobre-2019","10":"product_tag-resine","11":"product_tag-sans-ouvrants","12":"product_shipping_class-delivengo","14":"first","15":"outofstock","16":"taxable","17":"shipping-taxable","18":"purchasable","19":"product-type-simple"},"_links":{"self":[{"href":"https:\/\/modelkars.com\/fr\/wp-json\/wp\/v2\/product\/4663","targetHints":{"allow":["GET"]}}],"collection":[{"href":"https:\/\/modelkars.com\/fr\/wp-json\/wp\/v2\/product"}],"about":[{"href":"https:\/\/modelkars.com\/fr\/wp-json\/wp\/v2\/types\/product"}],"wp:featuredmedia":[{"embeddable":true,"href":"https:\/\/modelkars.com\/fr\/wp-json\/wp\/v2\/media\/5730"}],"wp:attachment":[{"href":"https:\/\/modelkars.com\/fr\/wp-json\/wp\/v2\/media?parent=4663"}],"wp:term":[{"taxonomy":"product_brand","embeddable":true,"href":"https:\/\/modelkars.com\/fr\/wp-json\/wp\/v2\/product_brand?post=4663"},{"taxonomy":"product_cat","embeddable":true,"href":"https:\/\/modelkars.com\/fr\/wp-json\/wp\/v2\/product_cat?post=4663"},{"taxonomy":"product_tag","embeddable":true,"href":"https:\/\/modelkars.com\/fr\/wp-json\/wp\/v2\/product_tag?post=4663"}],"curies":[{"name":"wp","href":"https:\/\/api.w.org\/{rel}","templated":true}]}}