{"id":4662,"date":"2019-05-02T17:25:42","date_gmt":"2019-05-02T15:25:42","guid":{"rendered":"https:\/\/modelkars.com\/?post_type=product&#038;p=4662"},"modified":"2025-12-01T01:55:35","modified_gmt":"2025-12-01T00:55:35","slug":"gt260-ford-mustang-roush-stage-3-rouge","status":"publish","type":"product","link":"https:\/\/modelkars.com\/fr\/shop\/gt-spirit\/gt260-ford-mustang-roush-stage-3-rouge\/","title":{"rendered":"Ford Mustang Roush Stage 3"},"content":{"rendered":"\n\t<section class=\"section\" id=\"section_1633646543\">\n\t\t<div class=\"section-bg fill\" >\n\t\t\t\t\t\t\t\t\t\n\t\t\t\n\n\t\t<\/div>\n\n\t\t\n\n\t\t<div class=\"section-content relative\">\n\t\t\t\n  <div class=\"banner-grid-wrapper\">\n  <div id=\"banner-grid-1531811430\" class=\"banner-grid row row-grid row-xsmall\" data-packery-options=\"\">\n                      \n<div class=\"col grid-col small-12 large-6 grid-col-2-3\" ><div class=\"col-inner\">\n\t<div class=\"img has-hover x md-x lg-x y md-y lg-y\" id=\"image_107841439\">\n\t\t\t\t\t\t\t\t<div class=\"img-inner dark\" >\n\t\t\t<img decoding=\"async\" width=\"1020\" height=\"677\" src=\"https:\/\/modelkars.com\/wp-content\/uploads\/1200-gt260_hood-1050x697.jpg\" class=\"attachment-large size-large\" alt=\"\" srcset=\"https:\/\/modelkars.com\/wp-content\/uploads\/1200-gt260_hood-1050x697.jpg 1050w, https:\/\/modelkars.com\/wp-content\/uploads\/1200-gt260_hood-680x452.jpg 680w, https:\/\/modelkars.com\/wp-content\/uploads\/1200-gt260_hood-64x43.jpg 64w, https:\/\/modelkars.com\/wp-content\/uploads\/1200-gt260_hood-690x458.jpg 690w, https:\/\/modelkars.com\/wp-content\/uploads\/1200-gt260_hood-768x510.jpg 768w, https:\/\/modelkars.com\/wp-content\/uploads\/1200-gt260_hood.jpg 1200w\" sizes=\"(max-width: 1020px) 100vw, 1020px\" \/>\t\t\t\t\t\t\n\t\t\t\t\t<\/div>\n\t\t\t\t\t\t\t\t\n<style>\n#image_107841439 {\n  width: 100%;\n}\n<\/style>\n\t<\/div>\n\t\n<\/div><\/div>\n<div class=\"col grid-col small-12 large-6 grid-col-1-2\" ><div class=\"col-inner\">\n\t<div class=\"img has-hover x md-x lg-x y md-y lg-y\" id=\"image_544929438\">\n\t\t\t\t\t\t\t\t<div class=\"img-inner dark\" >\n\t\t\t<img decoding=\"async\" width=\"1020\" height=\"680\" src=\"https:\/\/modelkars.com\/wp-content\/uploads\/1200-gt260_rear-1050x700.jpg\" class=\"attachment-large size-large\" alt=\"\" srcset=\"https:\/\/modelkars.com\/wp-content\/uploads\/1200-gt260_rear-1050x700.jpg 1050w, https:\/\/modelkars.com\/wp-content\/uploads\/1200-gt260_rear-680x453.jpg 680w, https:\/\/modelkars.com\/wp-content\/uploads\/1200-gt260_rear-64x43.jpg 64w, https:\/\/modelkars.com\/wp-content\/uploads\/1200-gt260_rear-690x460.jpg 690w, https:\/\/modelkars.com\/wp-content\/uploads\/1200-gt260_rear-768x512.jpg 768w, https:\/\/modelkars.com\/wp-content\/uploads\/1200-gt260_rear.jpg 1200w\" sizes=\"(max-width: 1020px) 100vw, 1020px\" \/>\t\t\t\t\t\t\n\t\t\t\t\t<\/div>\n\t\t\t\t\t\t\t\t\n<style>\n#image_544929438 {\n  width: 100%;\n}\n<\/style>\n\t<\/div>\n\t\n<\/div><\/div>\n<div class=\"col grid-col small-6 large-3 grid-col-1-2\" ><div class=\"col-inner\">\n\t<div class=\"img has-hover x md-x lg-x y md-y lg-y\" id=\"image_799952716\">\n\t\t\t\t\t\t\t\t<div class=\"img-inner dark\" >\n\t\t\t<img decoding=\"async\" width=\"1020\" height=\"683\" src=\"https:\/\/modelkars.com\/wp-content\/uploads\/1200-gt260_roush-1050x703.jpg\" class=\"attachment-large size-large\" alt=\"\" srcset=\"https:\/\/modelkars.com\/wp-content\/uploads\/1200-gt260_roush-1050x703.jpg 1050w, https:\/\/modelkars.com\/wp-content\/uploads\/1200-gt260_roush-680x455.jpg 680w, https:\/\/modelkars.com\/wp-content\/uploads\/1200-gt260_roush-64x43.jpg 64w, https:\/\/modelkars.com\/wp-content\/uploads\/1200-gt260_roush-690x462.jpg 690w, https:\/\/modelkars.com\/wp-content\/uploads\/1200-gt260_roush-768x514.jpg 768w, https:\/\/modelkars.com\/wp-content\/uploads\/1200-gt260_roush.jpg 1200w\" sizes=\"(max-width: 1020px) 100vw, 1020px\" \/>\t\t\t\t\t\t\n\t\t\t\t\t<\/div>\n\t\t\t\t\t\t\t\t\n<style>\n#image_799952716 {\n  width: 100%;\n}\n<\/style>\n\t<\/div>\n\t\n<\/div><\/div>\n<div class=\"col grid-col small-6 large-3 grid-col-1-2\" ><div class=\"col-inner\">\n\t<div class=\"img has-hover x md-x lg-x y md-y lg-y\" id=\"image_946997774\">\n\t\t\t\t\t\t\t\t<div class=\"img-inner dark\" >\n\t\t\t<img decoding=\"async\" width=\"1020\" height=\"683\" src=\"https:\/\/modelkars.com\/wp-content\/uploads\/1200-gt260_vent-1050x703.jpg\" class=\"attachment-large size-large\" alt=\"\" srcset=\"https:\/\/modelkars.com\/wp-content\/uploads\/1200-gt260_vent-1050x703.jpg 1050w, https:\/\/modelkars.com\/wp-content\/uploads\/1200-gt260_vent-680x455.jpg 680w, https:\/\/modelkars.com\/wp-content\/uploads\/1200-gt260_vent-64x43.jpg 64w, https:\/\/modelkars.com\/wp-content\/uploads\/1200-gt260_vent-690x462.jpg 690w, https:\/\/modelkars.com\/wp-content\/uploads\/1200-gt260_vent-768x514.jpg 768w, https:\/\/modelkars.com\/wp-content\/uploads\/1200-gt260_vent.jpg 1200w\" sizes=\"(max-width: 1020px) 100vw, 1020px\" \/>\t\t\t\t\t\t\n\t\t\t\t\t<\/div>\n\t\t\t\t\t\t\t\t\n<style>\n#image_946997774 {\n  width: 100%;\n}\n<\/style>\n\t<\/div>\n\t\n<\/div><\/div>\n<div class=\"col grid-col small-12 large-6 grid-col-1-3\" ><div class=\"col-inner\">\n\t<div class=\"img has-hover x md-x lg-x y md-y lg-y\" id=\"image_424056710\">\n\t\t\t\t\t\t\t\t<div class=\"img-inner dark\" >\n\t\t\t<img decoding=\"async\" width=\"1020\" height=\"683\" src=\"https:\/\/modelkars.com\/wp-content\/uploads\/1200-gt260_interior-1050x703.jpg\" class=\"attachment-large size-large\" alt=\"\" srcset=\"https:\/\/modelkars.com\/wp-content\/uploads\/1200-gt260_interior-1050x703.jpg 1050w, https:\/\/modelkars.com\/wp-content\/uploads\/1200-gt260_interior-680x455.jpg 680w, https:\/\/modelkars.com\/wp-content\/uploads\/1200-gt260_interior-64x43.jpg 64w, https:\/\/modelkars.com\/wp-content\/uploads\/1200-gt260_interior-690x462.jpg 690w, https:\/\/modelkars.com\/wp-content\/uploads\/1200-gt260_interior-768x514.jpg 768w, https:\/\/modelkars.com\/wp-content\/uploads\/1200-gt260_interior.jpg 1200w\" sizes=\"(max-width: 1020px) 100vw, 1020px\" \/>\t\t\t\t\t\t\n\t\t\t\t\t<\/div>\n\t\t\t\t\t\t\t\t\n<style>\n#image_424056710 {\n  width: 100%;\n}\n<\/style>\n\t<\/div>\n\t\n<\/div><\/div>\n            <\/div>\n    <style>\n    #banner-grid-1531811430 .grid-col-1{height: 600px}\n    #banner-grid-1531811430 .grid-col-1-2{height: 300px}\n    #banner-grid-1531811430 .grid-col-1-3{height:200px}\n    #banner-grid-1531811430 .grid-col-2-3{height: 400px}\n    #banner-grid-1531811430 .grid-col-1-4{height: 150px}\n    #banner-grid-1531811430 .grid-col-3-4{height: 450px}\n\n\n    \n    \n\n  <\/style>\n    <\/div>\n  \n\t\t<\/div>\n\n\t\t\n<style>\n#section_1633646543 {\n  padding-top: 30px;\n  padding-bottom: 30px;\n  background-color: rgb(255,255,255);\n}\n<\/style>\n\t<\/section>\n\t\n","protected":false},"excerpt":{"rendered":"<p>Cette Mustang est un v\u00e9ritable monstre dans la puissance est port\u00e9e par Roush \u00e0 670\u00a0! Reproduite en version rouge jusque dans ses moindre d\u00e9tails, cette miniature \u00e0 l\u2019\u00e9chelle 1:18 sera fabriqu\u00e9e par GT Spirit dans une s\u00e9rie limit\u00e9e, chaque exemplaire \u00e9tant num\u00e9rot\u00e9.<\/p>\n","protected":false},"featured_media":6132,"template":"","meta":{"_seopress_robots_primary_cat":"none","_seopress_titles_title":"","_seopress_titles_desc":"","_seopress_robots_index":""},"product_brand":[],"product_cat":[71],"product_tag":[84,93,207,92,85],"class_list":{"0":"post-4662","1":"product","2":"type-product","3":"status-publish","4":"has-post-thumbnail","6":"product_cat-gt-spirit","7":"product_tag-echelle-118","8":"product_tag-edition-limitee","9":"product_tag-octobre-2019","10":"product_tag-resine","11":"product_tag-sans-ouvrants","12":"product_shipping_class-delivengo","14":"first","15":"outofstock","16":"taxable","17":"shipping-taxable","18":"purchasable","19":"product-type-simple"},"_links":{"self":[{"href":"https:\/\/modelkars.com\/fr\/wp-json\/wp\/v2\/product\/4662","targetHints":{"allow":["GET"]}}],"collection":[{"href":"https:\/\/modelkars.com\/fr\/wp-json\/wp\/v2\/product"}],"about":[{"href":"https:\/\/modelkars.com\/fr\/wp-json\/wp\/v2\/types\/product"}],"wp:featuredmedia":[{"embeddable":true,"href":"https:\/\/modelkars.com\/fr\/wp-json\/wp\/v2\/media\/6132"}],"wp:attachment":[{"href":"https:\/\/modelkars.com\/fr\/wp-json\/wp\/v2\/media?parent=4662"}],"wp:term":[{"taxonomy":"product_brand","embeddable":true,"href":"https:\/\/modelkars.com\/fr\/wp-json\/wp\/v2\/product_brand?post=4662"},{"taxonomy":"product_cat","embeddable":true,"href":"https:\/\/modelkars.com\/fr\/wp-json\/wp\/v2\/product_cat?post=4662"},{"taxonomy":"product_tag","embeddable":true,"href":"https:\/\/modelkars.com\/fr\/wp-json\/wp\/v2\/product_tag?post=4662"}],"curies":[{"name":"wp","href":"https:\/\/api.w.org\/{rel}","templated":true}]}}