{"id":4657,"date":"2019-05-02T17:25:40","date_gmt":"2019-05-02T15:25:40","guid":{"rendered":"https:\/\/modelkars.com\/?post_type=product&#038;p=4657"},"modified":"2025-12-01T01:55:35","modified_gmt":"2025-12-01T00:55:35","slug":"gt265-mercedes-amg-gtr-pro-grise","status":"publish","type":"product","link":"https:\/\/modelkars.com\/fr\/shop\/gt-spirit\/gt265-mercedes-amg-gtr-pro-grise\/","title":{"rendered":"Mercedes-AMG GT-R Pro"},"content":{"rendered":"","protected":false},"excerpt":{"rendered":"<p>Ch\u00e2ssis renforc\u00e9, a\u00e9rodynamique optimis\u00e9e\u2026 cette AMG GT-R est taill\u00e9e pour la piste tout en gardant le moteur \u00ab\u00a0classique\u00a0\u00bb de 585 ch\u00a0! Cette miniature \u00e0 l\u2019\u00e9chelle 1:18 reproduit \u00e0 la perfection cette voiture dans sa livr\u00e9e grise \u00e0 bandes vertes. Elle ne sera fabriqu\u00e9e par GT Spirit qu\u2019\u00e0 une poign\u00e9e d\u2019exemplaires num\u00e9rot\u00e9s.<\/p>\n","protected":false},"featured_media":5646,"template":"","meta":{"_seopress_robots_primary_cat":"","_seopress_titles_title":"","_seopress_titles_desc":"","_seopress_robots_index":""},"product_brand":[],"product_cat":[71],"product_tag":[84,93,92,85,206],"class_list":{"0":"post-4657","1":"product","2":"type-product","3":"status-publish","4":"has-post-thumbnail","6":"product_cat-gt-spirit","7":"product_tag-echelle-118","8":"product_tag-edition-limitee","9":"product_tag-resine","10":"product_tag-sans-ouvrants","11":"product_tag-septembre-2019","12":"product_shipping_class-delivengo","14":"first","15":"outofstock","16":"taxable","17":"shipping-taxable","18":"purchasable","19":"product-type-simple"},"_links":{"self":[{"href":"https:\/\/modelkars.com\/fr\/wp-json\/wp\/v2\/product\/4657","targetHints":{"allow":["GET"]}}],"collection":[{"href":"https:\/\/modelkars.com\/fr\/wp-json\/wp\/v2\/product"}],"about":[{"href":"https:\/\/modelkars.com\/fr\/wp-json\/wp\/v2\/types\/product"}],"wp:featuredmedia":[{"embeddable":true,"href":"https:\/\/modelkars.com\/fr\/wp-json\/wp\/v2\/media\/5646"}],"wp:attachment":[{"href":"https:\/\/modelkars.com\/fr\/wp-json\/wp\/v2\/media?parent=4657"}],"wp:term":[{"taxonomy":"product_brand","embeddable":true,"href":"https:\/\/modelkars.com\/fr\/wp-json\/wp\/v2\/product_brand?post=4657"},{"taxonomy":"product_cat","embeddable":true,"href":"https:\/\/modelkars.com\/fr\/wp-json\/wp\/v2\/product_cat?post=4657"},{"taxonomy":"product_tag","embeddable":true,"href":"https:\/\/modelkars.com\/fr\/wp-json\/wp\/v2\/product_tag?post=4657"}],"curies":[{"name":"wp","href":"https:\/\/api.w.org\/{rel}","templated":true}]}}