{"id":4655,"date":"2019-05-02T17:25:39","date_gmt":"2019-05-02T15:25:39","guid":{"rendered":"https:\/\/modelkars.com\/?post_type=product&#038;p=4655"},"modified":"2025-12-01T01:55:36","modified_gmt":"2025-12-01T00:55:36","slug":"gt249-chevrolet-corvette-c7-prior-design-noir","status":"publish","type":"product","link":"https:\/\/modelkars.com\/fr\/shop\/gt-spirit\/gt249-chevrolet-corvette-c7-prior-design-noir\/","title":{"rendered":"Chevrolet Corvette C7 Prior Design"},"content":{"rendered":"","protected":false},"excerpt":{"rendered":"<p>Le pr\u00e9parateur Prior Design s\u2019occupe cette fois d\u2019une am\u00e9ricaine mythique, la Chevrolet Corvette C7\u00a0! Cette miniature atypique \u00e0 l\u2019\u00e9chelle 1:18 est fabriqu\u00e9e par GT Spirit. Tous les d\u00e9tails sont reproduits avec une grande pr\u00e9cision sur ce mod\u00e8le noir. Exemplaires num\u00e9rot\u00e9s\u00a0!<\/p>\n","protected":false},"featured_media":5690,"template":"","meta":{"_seopress_robots_primary_cat":"none","_seopress_titles_title":"","_seopress_titles_desc":"","_seopress_robots_index":""},"product_brand":[],"product_cat":[71],"product_tag":[84,93,92,85,206],"class_list":{"0":"post-4655","1":"product","2":"type-product","3":"status-publish","4":"has-post-thumbnail","6":"product_cat-gt-spirit","7":"product_tag-echelle-118","8":"product_tag-edition-limitee","9":"product_tag-resine","10":"product_tag-sans-ouvrants","11":"product_tag-septembre-2019","12":"product_shipping_class-delivengo","14":"first","15":"outofstock","16":"taxable","17":"shipping-taxable","18":"purchasable","19":"product-type-simple"},"_links":{"self":[{"href":"https:\/\/modelkars.com\/fr\/wp-json\/wp\/v2\/product\/4655","targetHints":{"allow":["GET"]}}],"collection":[{"href":"https:\/\/modelkars.com\/fr\/wp-json\/wp\/v2\/product"}],"about":[{"href":"https:\/\/modelkars.com\/fr\/wp-json\/wp\/v2\/types\/product"}],"wp:featuredmedia":[{"embeddable":true,"href":"https:\/\/modelkars.com\/fr\/wp-json\/wp\/v2\/media\/5690"}],"wp:attachment":[{"href":"https:\/\/modelkars.com\/fr\/wp-json\/wp\/v2\/media?parent=4655"}],"wp:term":[{"taxonomy":"product_brand","embeddable":true,"href":"https:\/\/modelkars.com\/fr\/wp-json\/wp\/v2\/product_brand?post=4655"},{"taxonomy":"product_cat","embeddable":true,"href":"https:\/\/modelkars.com\/fr\/wp-json\/wp\/v2\/product_cat?post=4655"},{"taxonomy":"product_tag","embeddable":true,"href":"https:\/\/modelkars.com\/fr\/wp-json\/wp\/v2\/product_tag?post=4655"}],"curies":[{"name":"wp","href":"https:\/\/api.w.org\/{rel}","templated":true}]}}