{"id":4521,"date":"2019-04-11T16:24:12","date_gmt":"2019-04-11T14:24:12","guid":{"rendered":"https:\/\/modelkars.com\/?post_type=product&#038;p=4521"},"modified":"2025-12-01T01:55:36","modified_gmt":"2025-12-01T00:55:36","slug":"gt240-audi-rs5-sportback-gris-suzuka","status":"publish","type":"product","link":"https:\/\/modelkars.com\/fr\/shop\/gt-spirit\/gt240-audi-rs5-sportback-gris-suzuka\/","title":{"rendered":"Audi RS5 Sportback"},"content":{"rendered":"\n\t<section class=\"section\" id=\"section_1081494872\">\n\t\t<div class=\"section-bg fill\" >\n\t\t\t\t\t\t\t\t\t\n\t\t\t\n\n\t\t<\/div>\n\n\t\t\n\n\t\t<div class=\"section-content relative\">\n\t\t\t\n  <div class=\"banner-grid-wrapper\">\n  <div id=\"banner-grid-97164544\" class=\"banner-grid row row-grid row-small\" data-packery-options=\"\">\n                      \n<div class=\"col grid-col small-12 large-6 grid-col-1-2\" ><div class=\"col-inner\">\n\t<div class=\"img has-hover x md-x lg-x y md-y lg-y\" id=\"image_1863734535\">\n\t\t\t\t\t\t\t\t<div class=\"img-inner dark\" >\n\t\t\t<img decoding=\"async\" width=\"1020\" height=\"683\" src=\"https:\/\/modelkars.com\/wp-content\/uploads\/1200-gt240_main-1050x703.jpg\" class=\"attachment-large size-large\" alt=\"\" srcset=\"https:\/\/modelkars.com\/wp-content\/uploads\/1200-gt240_main-1050x703.jpg 1050w, https:\/\/modelkars.com\/wp-content\/uploads\/1200-gt240_main-680x455.jpg 680w, https:\/\/modelkars.com\/wp-content\/uploads\/1200-gt240_main-64x43.jpg 64w, https:\/\/modelkars.com\/wp-content\/uploads\/1200-gt240_main-690x462.jpg 690w, https:\/\/modelkars.com\/wp-content\/uploads\/1200-gt240_main-768x514.jpg 768w, https:\/\/modelkars.com\/wp-content\/uploads\/1200-gt240_main.jpg 1200w\" sizes=\"(max-width: 1020px) 100vw, 1020px\" \/>\t\t\t\t\t\t\n\t\t\t\t\t<\/div>\n\t\t\t\t\t\t\t\t\n<style>\n#image_1863734535 {\n  width: 100%;\n}\n<\/style>\n\t<\/div>\n\t\n<\/div><\/div>\n<div class=\"col grid-col small-12 large-6 grid-col-1-2\" ><div class=\"col-inner\">\n\t<div class=\"img has-hover x md-x lg-x y md-y lg-y\" id=\"image_1531160982\">\n\t\t\t\t\t\t\t\t<div class=\"img-inner dark\" >\n\t\t\t<img decoding=\"async\" width=\"1020\" height=\"680\" src=\"https:\/\/modelkars.com\/wp-content\/uploads\/1200-gt240_side-1050x700.jpg\" class=\"attachment-large size-large\" alt=\"\" srcset=\"https:\/\/modelkars.com\/wp-content\/uploads\/1200-gt240_side-1050x700.jpg 1050w, https:\/\/modelkars.com\/wp-content\/uploads\/1200-gt240_side-680x453.jpg 680w, https:\/\/modelkars.com\/wp-content\/uploads\/1200-gt240_side-64x43.jpg 64w, https:\/\/modelkars.com\/wp-content\/uploads\/1200-gt240_side-690x460.jpg 690w, https:\/\/modelkars.com\/wp-content\/uploads\/1200-gt240_side-768x512.jpg 768w, https:\/\/modelkars.com\/wp-content\/uploads\/1200-gt240_side.jpg 1200w\" sizes=\"(max-width: 1020px) 100vw, 1020px\" \/>\t\t\t\t\t\t\n\t\t\t\t\t<\/div>\n\t\t\t\t\t\t\t\t\n<style>\n#image_1531160982 {\n  width: 100%;\n}\n<\/style>\n\t<\/div>\n\t\n<\/div><\/div>\n<div class=\"col grid-col small-12 large-4 grid-col-1-2\" ><div class=\"col-inner\">\n\t<div class=\"img has-hover x md-x lg-x y md-y lg-y\" id=\"image_723382316\">\n\t\t\t\t\t\t\t\t<div class=\"img-inner dark\" >\n\t\t\t<img decoding=\"async\" width=\"1020\" height=\"680\" src=\"https:\/\/modelkars.com\/wp-content\/uploads\/1200-gt240_rsbadge-1050x700.jpg\" class=\"attachment-large size-large\" alt=\"\" srcset=\"https:\/\/modelkars.com\/wp-content\/uploads\/1200-gt240_rsbadge-1050x700.jpg 1050w, https:\/\/modelkars.com\/wp-content\/uploads\/1200-gt240_rsbadge-680x453.jpg 680w, https:\/\/modelkars.com\/wp-content\/uploads\/1200-gt240_rsbadge-64x43.jpg 64w, https:\/\/modelkars.com\/wp-content\/uploads\/1200-gt240_rsbadge-690x460.jpg 690w, https:\/\/modelkars.com\/wp-content\/uploads\/1200-gt240_rsbadge-768x512.jpg 768w, https:\/\/modelkars.com\/wp-content\/uploads\/1200-gt240_rsbadge.jpg 1200w\" sizes=\"(max-width: 1020px) 100vw, 1020px\" \/>\t\t\t\t\t\t\n\t\t\t\t\t<\/div>\n\t\t\t\t\t\t\t\t\n<style>\n#image_723382316 {\n  width: 100%;\n}\n<\/style>\n\t<\/div>\n\t\n<\/div><\/div>\n<div class=\"col grid-col small-12 large-4 grid-col-1-2\" ><div class=\"col-inner\">\n\t<div class=\"img has-hover x md-x lg-x y md-y lg-y\" id=\"image_1269167543\">\n\t\t\t\t\t\t\t\t<div class=\"img-inner dark\" >\n\t\t\t<img decoding=\"async\" width=\"1020\" height=\"680\" src=\"https:\/\/modelkars.com\/wp-content\/uploads\/1200-gt240_reartop-1050x700.jpg\" class=\"attachment-large size-large\" alt=\"\" srcset=\"https:\/\/modelkars.com\/wp-content\/uploads\/1200-gt240_reartop-1050x700.jpg 1050w, https:\/\/modelkars.com\/wp-content\/uploads\/1200-gt240_reartop-680x453.jpg 680w, https:\/\/modelkars.com\/wp-content\/uploads\/1200-gt240_reartop-64x43.jpg 64w, https:\/\/modelkars.com\/wp-content\/uploads\/1200-gt240_reartop-690x460.jpg 690w, https:\/\/modelkars.com\/wp-content\/uploads\/1200-gt240_reartop-768x512.jpg 768w, https:\/\/modelkars.com\/wp-content\/uploads\/1200-gt240_reartop.jpg 1200w\" sizes=\"(max-width: 1020px) 100vw, 1020px\" \/>\t\t\t\t\t\t\n\t\t\t\t\t<\/div>\n\t\t\t\t\t\t\t\t\n<style>\n#image_1269167543 {\n  width: 100%;\n}\n<\/style>\n\t<\/div>\n\t\n<\/div><\/div>\n<div class=\"col grid-col small-12 large-4 grid-col-1-2\" ><div class=\"col-inner\">\n\t<div class=\"img has-hover x md-x lg-x y md-y lg-y\" id=\"image_1091601741\">\n\t\t\t\t\t\t\t\t<div class=\"img-inner dark\" >\n\t\t\t<img decoding=\"async\" width=\"1020\" height=\"680\" src=\"https:\/\/modelkars.com\/wp-content\/uploads\/1200-gt240_interior-1050x700.jpg\" class=\"attachment-large size-large\" alt=\"\" srcset=\"https:\/\/modelkars.com\/wp-content\/uploads\/1200-gt240_interior-1050x700.jpg 1050w, https:\/\/modelkars.com\/wp-content\/uploads\/1200-gt240_interior-680x453.jpg 680w, https:\/\/modelkars.com\/wp-content\/uploads\/1200-gt240_interior-64x43.jpg 64w, https:\/\/modelkars.com\/wp-content\/uploads\/1200-gt240_interior-690x460.jpg 690w, https:\/\/modelkars.com\/wp-content\/uploads\/1200-gt240_interior-768x512.jpg 768w, https:\/\/modelkars.com\/wp-content\/uploads\/1200-gt240_interior.jpg 1200w\" sizes=\"(max-width: 1020px) 100vw, 1020px\" \/>\t\t\t\t\t\t\n\t\t\t\t\t<\/div>\n\t\t\t\t\t\t\t\t\n<style>\n#image_1091601741 {\n  width: 100%;\n}\n<\/style>\n\t<\/div>\n\t\n<\/div><\/div>\n            <\/div>\n    <style>\n    #banner-grid-97164544 .grid-col-1{height: 600px}\n    #banner-grid-97164544 .grid-col-1-2{height: 300px}\n    #banner-grid-97164544 .grid-col-1-3{height:200px}\n    #banner-grid-97164544 .grid-col-2-3{height: 400px}\n    #banner-grid-97164544 .grid-col-1-4{height: 150px}\n    #banner-grid-97164544 .grid-col-3-4{height: 450px}\n\n\n    \n    \n\n  <\/style>\n    <\/div>\n  \n\t\t<\/div>\n\n\t\t\n<style>\n#section_1081494872 {\n  padding-top: 30px;\n  padding-bottom: 30px;\n  background-color: rgb(255,255,255);\n}\n<\/style>\n\t<\/section>\n\t\n","protected":false},"excerpt":{"rendered":"<p>Reproduite \u00e0 l\u2019\u00e9chelle 1:18 jusque dans ses moindre d\u00e9tails, cette Audi RS5 Sportback (version 2019) est une miniature en r\u00e9sine fabriqu\u00e9e par GT Spirit dans un coloris gris Suzuka. Ce mod\u00e8le r\u00e9duit sera limit\u00e9 \u00e0 seulement quelques exemplaires num\u00e9rot\u00e9s.<\/p>\n","protected":false},"featured_media":4828,"template":"","meta":{"_seopress_robots_primary_cat":"none","_seopress_titles_title":"","_seopress_titles_desc":"","_seopress_robots_index":""},"product_brand":[],"product_cat":[71],"product_tag":[200,84,93,92,85],"class_list":{"0":"post-4521","1":"product","2":"type-product","3":"status-publish","4":"has-post-thumbnail","6":"product_cat-gt-spirit","7":"product_tag-aout-2019","8":"product_tag-echelle-118","9":"product_tag-edition-limitee","10":"product_tag-resine","11":"product_tag-sans-ouvrants","12":"product_shipping_class-delivengo","14":"first","15":"outofstock","16":"featured","17":"taxable","18":"shipping-taxable","19":"purchasable","20":"product-type-simple"},"_links":{"self":[{"href":"https:\/\/modelkars.com\/fr\/wp-json\/wp\/v2\/product\/4521","targetHints":{"allow":["GET"]}}],"collection":[{"href":"https:\/\/modelkars.com\/fr\/wp-json\/wp\/v2\/product"}],"about":[{"href":"https:\/\/modelkars.com\/fr\/wp-json\/wp\/v2\/types\/product"}],"wp:featuredmedia":[{"embeddable":true,"href":"https:\/\/modelkars.com\/fr\/wp-json\/wp\/v2\/media\/4828"}],"wp:attachment":[{"href":"https:\/\/modelkars.com\/fr\/wp-json\/wp\/v2\/media?parent=4521"}],"wp:term":[{"taxonomy":"product_brand","embeddable":true,"href":"https:\/\/modelkars.com\/fr\/wp-json\/wp\/v2\/product_brand?post=4521"},{"taxonomy":"product_cat","embeddable":true,"href":"https:\/\/modelkars.com\/fr\/wp-json\/wp\/v2\/product_cat?post=4521"},{"taxonomy":"product_tag","embeddable":true,"href":"https:\/\/modelkars.com\/fr\/wp-json\/wp\/v2\/product_tag?post=4521"}],"curies":[{"name":"wp","href":"https:\/\/api.w.org\/{rel}","templated":true}]}}