{"id":4515,"date":"2019-04-11T16:24:09","date_gmt":"2019-04-11T14:24:09","guid":{"rendered":"https:\/\/modelkars.com\/?post_type=product&#038;p=4515"},"modified":"2025-12-01T01:55:36","modified_gmt":"2025-12-01T00:55:36","slug":"gt780-porsche-911-s-targa-vert","status":"publish","type":"product","link":"https:\/\/modelkars.com\/fr\/shop\/gt-spirit\/gt780-porsche-911-s-targa-vert\/","title":{"rendered":"Porsche 911 S 2.7 Targa"},"content":{"rendered":"","protected":false},"excerpt":{"rendered":"<p>Cette magnifique Porsche 911 S 2.7 est reproduite par le fabricant GT Spirit \u00e0 l\u2019\u00e9chelle 1:18 dans sa version Targa et de couleur verte Ascot. Fabriqu\u00e9e en r\u00e9sine, ce mod\u00e8le r\u00e9duit de grande qualit\u00e9 est limit\u00e9 \u00e0 seulement quelques exemplaires.<\/p>\n","protected":false},"featured_media":4806,"template":"","meta":{"_seopress_robots_primary_cat":"","_seopress_titles_title":"","_seopress_titles_desc":"","_seopress_robots_index":""},"product_brand":[],"product_cat":[71],"product_tag":[84,93,199,92,85],"class_list":{"0":"post-4515","1":"product","2":"type-product","3":"status-publish","4":"has-post-thumbnail","6":"product_cat-gt-spirit","7":"product_tag-echelle-118","8":"product_tag-edition-limitee","9":"product_tag-juillet-2019","10":"product_tag-resine","11":"product_tag-sans-ouvrants","12":"product_shipping_class-delivengo","14":"first","15":"outofstock","16":"taxable","17":"shipping-taxable","18":"purchasable","19":"product-type-simple"},"_links":{"self":[{"href":"https:\/\/modelkars.com\/fr\/wp-json\/wp\/v2\/product\/4515","targetHints":{"allow":["GET"]}}],"collection":[{"href":"https:\/\/modelkars.com\/fr\/wp-json\/wp\/v2\/product"}],"about":[{"href":"https:\/\/modelkars.com\/fr\/wp-json\/wp\/v2\/types\/product"}],"wp:featuredmedia":[{"embeddable":true,"href":"https:\/\/modelkars.com\/fr\/wp-json\/wp\/v2\/media\/4806"}],"wp:attachment":[{"href":"https:\/\/modelkars.com\/fr\/wp-json\/wp\/v2\/media?parent=4515"}],"wp:term":[{"taxonomy":"product_brand","embeddable":true,"href":"https:\/\/modelkars.com\/fr\/wp-json\/wp\/v2\/product_brand?post=4515"},{"taxonomy":"product_cat","embeddable":true,"href":"https:\/\/modelkars.com\/fr\/wp-json\/wp\/v2\/product_cat?post=4515"},{"taxonomy":"product_tag","embeddable":true,"href":"https:\/\/modelkars.com\/fr\/wp-json\/wp\/v2\/product_tag?post=4515"}],"curies":[{"name":"wp","href":"https:\/\/api.w.org\/{rel}","templated":true}]}}