{"id":45080,"date":"2024-05-27T00:00:01","date_gmt":"2024-05-26T22:00:01","guid":{"rendered":"https:\/\/modelkars.com\/?post_type=product&#038;p=45080"},"modified":"2025-12-01T01:53:08","modified_gmt":"2025-12-01T00:53:08","slug":"77505-nissan-skyline-gt-r-r35-nismo-2022-special-edition-gris-nismo-stealth","status":"publish","type":"product","link":"https:\/\/modelkars.com\/fr\/shop\/autoart\/77505-nissan-skyline-gt-r-r35-nismo-2022-special-edition-gris-nismo-stealth\/","title":{"rendered":"Nissan Skyline GT-R (R35) Nismo 2022 Special Edition"},"content":{"rendered":"","protected":false},"excerpt":{"rendered":"<p>Cette voiture miniature \u00e0 l&rsquo;\u00e9chelle 1:18\u00e8me reproduit la Nissan Skyline GT-R (R35) Nismo 2022 Special Edition dans un coloris gris Nismo Stealth. Fabriqu\u00e9 par AUTOart, ce mod\u00e8le r\u00e9duit est r\u00e9alis\u00e9 en composite. Certaines parties sont ouvrantes. Miniature produite en s\u00e9rie limit\u00e9e.<\/p>\n","protected":false},"featured_media":52478,"template":"","meta":{"_seopress_robots_primary_cat":"","_seopress_titles_title":"","_seopress_titles_desc":"","_seopress_robots_index":""},"product_brand":[],"product_cat":[118],"product_tag":[117,119,84,93],"class_list":{"0":"post-45080","1":"product","2":"type-product","3":"status-publish","4":"has-post-thumbnail","6":"product_cat-autoart","7":"product_tag-avec-ouvrants","8":"product_tag-composite","9":"product_tag-echelle-118","10":"product_tag-edition-limitee","12":"first","13":"outofstock","14":"taxable","15":"shipping-taxable","16":"purchasable","17":"product-type-simple"},"_links":{"self":[{"href":"https:\/\/modelkars.com\/fr\/wp-json\/wp\/v2\/product\/45080","targetHints":{"allow":["GET"]}}],"collection":[{"href":"https:\/\/modelkars.com\/fr\/wp-json\/wp\/v2\/product"}],"about":[{"href":"https:\/\/modelkars.com\/fr\/wp-json\/wp\/v2\/types\/product"}],"wp:featuredmedia":[{"embeddable":true,"href":"https:\/\/modelkars.com\/fr\/wp-json\/wp\/v2\/media\/52478"}],"wp:attachment":[{"href":"https:\/\/modelkars.com\/fr\/wp-json\/wp\/v2\/media?parent=45080"}],"wp:term":[{"taxonomy":"product_brand","embeddable":true,"href":"https:\/\/modelkars.com\/fr\/wp-json\/wp\/v2\/product_brand?post=45080"},{"taxonomy":"product_cat","embeddable":true,"href":"https:\/\/modelkars.com\/fr\/wp-json\/wp\/v2\/product_cat?post=45080"},{"taxonomy":"product_tag","embeddable":true,"href":"https:\/\/modelkars.com\/fr\/wp-json\/wp\/v2\/product_tag?post=45080"}],"curies":[{"name":"wp","href":"https:\/\/api.w.org\/{rel}","templated":true}]}}