{"id":44332,"date":"2024-07-26T00:00:01","date_gmt":"2024-07-25T22:00:01","guid":{"rendered":"https:\/\/modelkars.com\/?post_type=product&#038;p=44332"},"modified":"2025-12-01T01:53:01","modified_gmt":"2025-12-01T00:53:01","slug":"p18235-ferrari-499p-n51-vainqueur-lemans-2023","status":"publish","type":"product","link":"https:\/\/modelkars.com\/fr\/shop\/bbr\/p18235-ferrari-499p-n51-vainqueur-lemans-2023\/","title":{"rendered":"Ferrari 499P #51 (vainqueur Le Mans 2023)"},"content":{"rendered":"","protected":false},"excerpt":{"rendered":"<p>Cette voiture miniature \u00e0 l&rsquo;\u00e9chelle 1:18\u00e8me reproduit la Ferrari 499P num\u00e9ro 51 victorieuse aux 24 Heures du Mans 2023. Fabriqu\u00e9 par BBR, ce mod\u00e8le r\u00e9duit haut de gamme est r\u00e9alis\u00e9 en r\u00e9sine et sera livr\u00e9 dans un package exclusif compos\u00e9 d&rsquo;une base en carbone v\u00e9ritable, un certificat sign\u00e9, une vitrine s\u00e9rigraphi\u00e9e, le tout dans une bo\u00eete en r\u00e9plique carbone. Miniature produite en s\u00e9rie limit\u00e9e \u00e0 seulement 499 exemplaires num\u00e9rot\u00e9s.<\/p>\n","protected":false},"featured_media":46684,"template":"","meta":{"_seopress_robots_primary_cat":"","_seopress_titles_title":"","_seopress_titles_desc":"","_seopress_robots_index":""},"product_brand":[],"product_cat":[315],"product_tag":[84,93,92,85,86,323],"class_list":{"0":"post-44332","1":"product","2":"type-product","3":"status-publish","4":"has-post-thumbnail","6":"product_cat-bbr","7":"product_tag-echelle-118","8":"product_tag-edition-limitee","9":"product_tag-resine","10":"product_tag-sans-ouvrants","11":"product_tag-socle-inclus","12":"product_tag-vitrine-incluse","14":"first","15":"outofstock","16":"taxable","17":"shipping-taxable","18":"purchasable","19":"product-type-simple"},"_links":{"self":[{"href":"https:\/\/modelkars.com\/fr\/wp-json\/wp\/v2\/product\/44332","targetHints":{"allow":["GET"]}}],"collection":[{"href":"https:\/\/modelkars.com\/fr\/wp-json\/wp\/v2\/product"}],"about":[{"href":"https:\/\/modelkars.com\/fr\/wp-json\/wp\/v2\/types\/product"}],"wp:featuredmedia":[{"embeddable":true,"href":"https:\/\/modelkars.com\/fr\/wp-json\/wp\/v2\/media\/46684"}],"wp:attachment":[{"href":"https:\/\/modelkars.com\/fr\/wp-json\/wp\/v2\/media?parent=44332"}],"wp:term":[{"taxonomy":"product_brand","embeddable":true,"href":"https:\/\/modelkars.com\/fr\/wp-json\/wp\/v2\/product_brand?post=44332"},{"taxonomy":"product_cat","embeddable":true,"href":"https:\/\/modelkars.com\/fr\/wp-json\/wp\/v2\/product_cat?post=44332"},{"taxonomy":"product_tag","embeddable":true,"href":"https:\/\/modelkars.com\/fr\/wp-json\/wp\/v2\/product_tag?post=44332"}],"curies":[{"name":"wp","href":"https:\/\/api.w.org\/{rel}","templated":true}]}}