{"id":44136,"date":"2024-01-30T23:18:00","date_gmt":"2024-01-30T22:18:00","guid":{"rendered":"https:\/\/modelkars.com\/?post_type=product&#038;p=44136"},"modified":"2025-12-01T01:53:25","modified_gmt":"2025-12-01T00:53:25","slug":"77476-nissan-fairlady-z-s130-seibu-keisatsu-super-z-bicolore-noir-or","status":"publish","type":"product","link":"https:\/\/modelkars.com\/fr\/shop\/autoart\/77476-nissan-fairlady-z-s130-seibu-keisatsu-super-z-bicolore-noir-or\/","title":{"rendered":"Nissan Fairlady Z (S130) Seibu-Keisatsu Super Z"},"content":{"rendered":"","protected":false},"excerpt":{"rendered":"<p>Cette voiture miniature \u00e0 l&rsquo;\u00e9chelle 1:18\u00e8me reproduit la Nissan Fairlady Z (S130) Seibu-Keisatsu Super Z dans un coloris bicolore noir et or. Fabriqu\u00e9 par AUTOart, ce mod\u00e8le r\u00e9duit est r\u00e9alis\u00e9 en composite et poss\u00e8de six ouvrants. Miniature produite en s\u00e9rie limit\u00e9e.<\/p>\n","protected":false},"featured_media":57653,"template":"","meta":{"_seopress_robots_primary_cat":"","_seopress_titles_title":"","_seopress_titles_desc":"","_seopress_robots_index":""},"product_brand":[],"product_cat":[118],"product_tag":[119,84,85],"class_list":{"0":"post-44136","1":"product","2":"type-product","3":"status-publish","4":"has-post-thumbnail","6":"product_cat-autoart","7":"product_tag-composite","8":"product_tag-echelle-118","9":"product_tag-sans-ouvrants","11":"first","12":"outofstock","13":"taxable","14":"shipping-taxable","15":"purchasable","16":"product-type-simple"},"_links":{"self":[{"href":"https:\/\/modelkars.com\/fr\/wp-json\/wp\/v2\/product\/44136","targetHints":{"allow":["GET"]}}],"collection":[{"href":"https:\/\/modelkars.com\/fr\/wp-json\/wp\/v2\/product"}],"about":[{"href":"https:\/\/modelkars.com\/fr\/wp-json\/wp\/v2\/types\/product"}],"wp:featuredmedia":[{"embeddable":true,"href":"https:\/\/modelkars.com\/fr\/wp-json\/wp\/v2\/media\/57653"}],"wp:attachment":[{"href":"https:\/\/modelkars.com\/fr\/wp-json\/wp\/v2\/media?parent=44136"}],"wp:term":[{"taxonomy":"product_brand","embeddable":true,"href":"https:\/\/modelkars.com\/fr\/wp-json\/wp\/v2\/product_brand?post=44136"},{"taxonomy":"product_cat","embeddable":true,"href":"https:\/\/modelkars.com\/fr\/wp-json\/wp\/v2\/product_cat?post=44136"},{"taxonomy":"product_tag","embeddable":true,"href":"https:\/\/modelkars.com\/fr\/wp-json\/wp\/v2\/product_tag?post=44136"}],"curies":[{"name":"wp","href":"https:\/\/api.w.org\/{rel}","templated":true}]}}