{"id":43352,"date":"2023-05-23T13:30:26","date_gmt":"2023-05-23T11:30:26","guid":{"rendered":"https:\/\/modelkars.com\/?post_type=product&#038;p=43352"},"modified":"2026-04-27T22:19:39","modified_gmt":"2026-04-27T20:19:39","slug":"79216-lamborghini-sc18-alston-gris-daytona","status":"publish","type":"product","link":"https:\/\/modelkars.com\/fr\/shop\/autoart\/79216-lamborghini-sc18-alston-gris-daytona\/","title":{"rendered":"Lamborghini SC18 Alston"},"content":{"rendered":"","protected":false},"excerpt":{"rendered":"<p>Cette Lamborghini SC18 Alston est reproduite \u00e0 la perfection au 1:18\u00e8me par AUTOart dans son unique livr\u00e9e grise Daytona. Ce mod\u00e8le comporte de nombreux ouvrants permettant d&rsquo;admirer l&rsquo;int\u00e9rieur, le coffre ainsi que le moteur.<\/p>\n","protected":false},"featured_media":94500,"template":"","meta":{"_seopress_robots_primary_cat":"none","_seopress_titles_title":"","_seopress_titles_desc":"","_seopress_robots_index":""},"product_brand":[],"product_cat":[118,163],"product_tag":[117,119,84],"class_list":{"0":"post-43352","1":"product","2":"type-product","3":"status-publish","4":"has-post-thumbnail","6":"product_cat-autoart","7":"product_cat-precommandes","8":"product_tag-avec-ouvrants","9":"product_tag-composite","10":"product_tag-echelle-118","12":"first","13":"outofstock","14":"taxable","15":"shipping-taxable","16":"product-type-simple"},"_links":{"self":[{"href":"https:\/\/modelkars.com\/fr\/wp-json\/wp\/v2\/product\/43352","targetHints":{"allow":["GET"]}}],"collection":[{"href":"https:\/\/modelkars.com\/fr\/wp-json\/wp\/v2\/product"}],"about":[{"href":"https:\/\/modelkars.com\/fr\/wp-json\/wp\/v2\/types\/product"}],"wp:featuredmedia":[{"embeddable":true,"href":"https:\/\/modelkars.com\/fr\/wp-json\/wp\/v2\/media\/94500"}],"wp:attachment":[{"href":"https:\/\/modelkars.com\/fr\/wp-json\/wp\/v2\/media?parent=43352"}],"wp:term":[{"taxonomy":"product_brand","embeddable":true,"href":"https:\/\/modelkars.com\/fr\/wp-json\/wp\/v2\/product_brand?post=43352"},{"taxonomy":"product_cat","embeddable":true,"href":"https:\/\/modelkars.com\/fr\/wp-json\/wp\/v2\/product_cat?post=43352"},{"taxonomy":"product_tag","embeddable":true,"href":"https:\/\/modelkars.com\/fr\/wp-json\/wp\/v2\/product_tag?post=43352"}],"curies":[{"name":"wp","href":"https:\/\/api.w.org\/{rel}","templated":true}]}}