{"id":43124,"date":"2023-12-22T18:32:50","date_gmt":"2023-12-22T17:32:50","guid":{"rendered":"https:\/\/modelkars.com\/?post_type=product&#038;p=43124"},"modified":"2025-12-01T01:53:28","modified_gmt":"2025-12-01T00:53:28","slug":"71278-chevrolet-corvette-c7-zr1-jaune-corvette-racing","status":"publish","type":"product","link":"https:\/\/modelkars.com\/fr\/shop\/autoart\/71278-chevrolet-corvette-c7-zr1-jaune-corvette-racing\/","title":{"rendered":"Chevrolet Corvette C7 ZR1"},"content":{"rendered":"","protected":false},"excerpt":{"rendered":"<p>Cette voiture miniature \u00e0 l&rsquo;\u00e9chelle 1:18\u00e8me reproduit la Chevrolet Corvette C7 ZR1 dans un coloris jaune Corvette Racing. Fabriqu\u00e9 par AUTOart, ce mod\u00e8le r\u00e9duit est r\u00e9alis\u00e9 en composite. Certaines parties sont ouvrantes.<\/p>\n","protected":false},"featured_media":48911,"template":"","meta":{"_seopress_robots_primary_cat":"","_seopress_titles_title":"","_seopress_titles_desc":"","_seopress_robots_index":""},"product_brand":[],"product_cat":[118],"product_tag":[117,119,84],"class_list":{"0":"post-43124","1":"product","2":"type-product","3":"status-publish","4":"has-post-thumbnail","6":"product_cat-autoart","7":"product_tag-avec-ouvrants","8":"product_tag-composite","9":"product_tag-echelle-118","11":"first","12":"outofstock","13":"taxable","14":"shipping-taxable","15":"purchasable","16":"product-type-simple"},"_links":{"self":[{"href":"https:\/\/modelkars.com\/fr\/wp-json\/wp\/v2\/product\/43124","targetHints":{"allow":["GET"]}}],"collection":[{"href":"https:\/\/modelkars.com\/fr\/wp-json\/wp\/v2\/product"}],"about":[{"href":"https:\/\/modelkars.com\/fr\/wp-json\/wp\/v2\/types\/product"}],"wp:featuredmedia":[{"embeddable":true,"href":"https:\/\/modelkars.com\/fr\/wp-json\/wp\/v2\/media\/48911"}],"wp:attachment":[{"href":"https:\/\/modelkars.com\/fr\/wp-json\/wp\/v2\/media?parent=43124"}],"wp:term":[{"taxonomy":"product_brand","embeddable":true,"href":"https:\/\/modelkars.com\/fr\/wp-json\/wp\/v2\/product_brand?post=43124"},{"taxonomy":"product_cat","embeddable":true,"href":"https:\/\/modelkars.com\/fr\/wp-json\/wp\/v2\/product_cat?post=43124"},{"taxonomy":"product_tag","embeddable":true,"href":"https:\/\/modelkars.com\/fr\/wp-json\/wp\/v2\/product_tag?post=43124"}],"curies":[{"name":"wp","href":"https:\/\/api.w.org\/{rel}","templated":true}]}}