{"id":42243,"date":"2023-05-30T00:00:01","date_gmt":"2023-05-29T22:00:01","guid":{"rendered":"https:\/\/modelkars.com\/?post_type=product&#038;p=42243"},"modified":"2025-12-02T01:46:35","modified_gmt":"2025-12-02T00:46:35","slug":"glm188024-mercedes-benz-c63s-amg-darwinpro-gris-mat-bandes-jaunes","status":"publish","type":"product","link":"https:\/\/modelkars.com\/fr\/shop\/glm\/glm188024-mercedes-benz-c63s-amg-darwinpro-gris-mat-bandes-jaunes\/","title":{"rendered":"Mercedes-Benz C 63 S AMG Darwinpro"},"content":{"rendered":"","protected":false},"excerpt":{"rendered":"<p>Cette voiture miniature \u00e0 l&rsquo;\u00e9chelle 1:18\u00e8me reproduit la Mercedes-Benz C 63 S AMG Darwinpro dans un coloris gris Mountain mat et bandes jaunes. Fabriqu\u00e9 par GLM, ce mod\u00e8le r\u00e9duit est r\u00e9alis\u00e9 en r\u00e9sine. Miniature produite en s\u00e9rie limit\u00e9e.<\/p>\n","protected":false},"featured_media":78005,"template":"","meta":{"_seopress_robots_primary_cat":"","_seopress_titles_title":"","_seopress_titles_desc":"","_seopress_robots_index":""},"product_brand":[],"product_cat":[454],"product_tag":[84,93,92,85,86],"class_list":{"0":"post-42243","1":"product","2":"type-product","3":"status-publish","4":"has-post-thumbnail","6":"product_cat-glm","7":"product_tag-echelle-118","8":"product_tag-edition-limitee","9":"product_tag-resine","10":"product_tag-sans-ouvrants","11":"product_tag-socle-inclus","13":"first","14":"instock","15":"taxable","16":"shipping-taxable","17":"purchasable","18":"product-type-simple"},"_links":{"self":[{"href":"https:\/\/modelkars.com\/fr\/wp-json\/wp\/v2\/product\/42243","targetHints":{"allow":["GET"]}}],"collection":[{"href":"https:\/\/modelkars.com\/fr\/wp-json\/wp\/v2\/product"}],"about":[{"href":"https:\/\/modelkars.com\/fr\/wp-json\/wp\/v2\/types\/product"}],"wp:featuredmedia":[{"embeddable":true,"href":"https:\/\/modelkars.com\/fr\/wp-json\/wp\/v2\/media\/78005"}],"wp:attachment":[{"href":"https:\/\/modelkars.com\/fr\/wp-json\/wp\/v2\/media?parent=42243"}],"wp:term":[{"taxonomy":"product_brand","embeddable":true,"href":"https:\/\/modelkars.com\/fr\/wp-json\/wp\/v2\/product_brand?post=42243"},{"taxonomy":"product_cat","embeddable":true,"href":"https:\/\/modelkars.com\/fr\/wp-json\/wp\/v2\/product_cat?post=42243"},{"taxonomy":"product_tag","embeddable":true,"href":"https:\/\/modelkars.com\/fr\/wp-json\/wp\/v2\/product_tag?post=42243"}],"curies":[{"name":"wp","href":"https:\/\/api.w.org\/{rel}","templated":true}]}}