{"id":42234,"date":"2023-05-26T00:00:01","date_gmt":"2023-05-25T22:00:01","guid":{"rendered":"https:\/\/modelkars.com\/?post_type=product&#038;p=42234"},"modified":"2025-12-01T01:53:47","modified_gmt":"2025-12-01T00:53:47","slug":"ls074b-tesla-model-3-bleu","status":"publish","type":"product","link":"https:\/\/modelkars.com\/fr\/shop\/ls-collectibles\/ls074b-tesla-model-3-bleu\/","title":{"rendered":"Tesla Model 3"},"content":{"rendered":"","protected":false},"excerpt":{"rendered":"<p>Cette voiture miniature \u00e0 l&rsquo;\u00e9chelle 1:18\u00e8me reproduit la Tesla Model 3 dans un coloris bleu. Fabriqu\u00e9 par LS Collectibles, ce mod\u00e8le r\u00e9duit est r\u00e9alis\u00e9 en r\u00e9sine et livr\u00e9 sur un socle de haute qualit\u00e9. Miniature produite en s\u00e9rie limit\u00e9e \u00e0 250 exemplaires.<\/p>\n","protected":false},"featured_media":43420,"template":"","meta":{"_seopress_robots_primary_cat":"","_seopress_titles_title":"","_seopress_titles_desc":"","_seopress_robots_index":""},"product_brand":[],"product_cat":[233],"product_tag":[84,93,92,85,86],"class_list":{"0":"post-42234","1":"product","2":"type-product","3":"status-publish","4":"has-post-thumbnail","6":"product_cat-ls-collectibles","7":"product_tag-echelle-118","8":"product_tag-edition-limitee","9":"product_tag-resine","10":"product_tag-sans-ouvrants","11":"product_tag-socle-inclus","13":"first","14":"outofstock","15":"taxable","16":"shipping-taxable","17":"purchasable","18":"product-type-simple"},"_links":{"self":[{"href":"https:\/\/modelkars.com\/fr\/wp-json\/wp\/v2\/product\/42234","targetHints":{"allow":["GET"]}}],"collection":[{"href":"https:\/\/modelkars.com\/fr\/wp-json\/wp\/v2\/product"}],"about":[{"href":"https:\/\/modelkars.com\/fr\/wp-json\/wp\/v2\/types\/product"}],"wp:featuredmedia":[{"embeddable":true,"href":"https:\/\/modelkars.com\/fr\/wp-json\/wp\/v2\/media\/43420"}],"wp:attachment":[{"href":"https:\/\/modelkars.com\/fr\/wp-json\/wp\/v2\/media?parent=42234"}],"wp:term":[{"taxonomy":"product_brand","embeddable":true,"href":"https:\/\/modelkars.com\/fr\/wp-json\/wp\/v2\/product_brand?post=42234"},{"taxonomy":"product_cat","embeddable":true,"href":"https:\/\/modelkars.com\/fr\/wp-json\/wp\/v2\/product_cat?post=42234"},{"taxonomy":"product_tag","embeddable":true,"href":"https:\/\/modelkars.com\/fr\/wp-json\/wp\/v2\/product_tag?post=42234"}],"curies":[{"name":"wp","href":"https:\/\/api.w.org\/{rel}","templated":true}]}}