{"id":42035,"date":"2023-09-18T02:00:01","date_gmt":"2023-09-18T00:00:01","guid":{"rendered":"https:\/\/modelkars.com\/?post_type=product&#038;p=42035"},"modified":"2025-12-01T01:53:37","modified_gmt":"2025-12-01T00:53:37","slug":"ts0396-bmw-m3-competition-g80-vert-isle-of-man","status":"publish","type":"product","link":"https:\/\/modelkars.com\/fr\/shop\/topspeed\/ts0396-bmw-m3-competition-g80-vert-isle-of-man\/","title":{"rendered":"BMW M3 Competition (G80)"},"content":{"rendered":"","protected":false},"excerpt":{"rendered":"<p>Cette voiture miniature \u00e0 l&rsquo;\u00e9chelle 1:18\u00e8me reproduit la BMW M3 Competition (G80) dans un coloris vert Isle of Man. Fabriqu\u00e9 par TopSpeed, ce mod\u00e8le r\u00e9duit est r\u00e9alis\u00e9 en r\u00e9sine.<\/p>\n","protected":false},"featured_media":71272,"template":"","meta":{"_seopress_robots_primary_cat":"","_seopress_titles_title":"","_seopress_titles_desc":"","_seopress_robots_index":""},"product_brand":[],"product_cat":[74],"product_tag":[84,92,85],"class_list":{"0":"post-42035","1":"product","2":"type-product","3":"status-publish","4":"has-post-thumbnail","6":"product_cat-topspeed","7":"product_tag-echelle-118","8":"product_tag-resine","9":"product_tag-sans-ouvrants","11":"first","12":"outofstock","13":"taxable","14":"shipping-taxable","15":"purchasable","16":"product-type-simple"},"_links":{"self":[{"href":"https:\/\/modelkars.com\/fr\/wp-json\/wp\/v2\/product\/42035","targetHints":{"allow":["GET"]}}],"collection":[{"href":"https:\/\/modelkars.com\/fr\/wp-json\/wp\/v2\/product"}],"about":[{"href":"https:\/\/modelkars.com\/fr\/wp-json\/wp\/v2\/types\/product"}],"wp:featuredmedia":[{"embeddable":true,"href":"https:\/\/modelkars.com\/fr\/wp-json\/wp\/v2\/media\/71272"}],"wp:attachment":[{"href":"https:\/\/modelkars.com\/fr\/wp-json\/wp\/v2\/media?parent=42035"}],"wp:term":[{"taxonomy":"product_brand","embeddable":true,"href":"https:\/\/modelkars.com\/fr\/wp-json\/wp\/v2\/product_brand?post=42035"},{"taxonomy":"product_cat","embeddable":true,"href":"https:\/\/modelkars.com\/fr\/wp-json\/wp\/v2\/product_cat?post=42035"},{"taxonomy":"product_tag","embeddable":true,"href":"https:\/\/modelkars.com\/fr\/wp-json\/wp\/v2\/product_tag?post=42035"}],"curies":[{"name":"wp","href":"https:\/\/api.w.org\/{rel}","templated":true}]}}