{"id":4139,"date":"2019-07-13T20:00:08","date_gmt":"2019-07-13T18:00:08","guid":{"rendered":"https:\/\/modelkars.com\/?post_type=product&#038;p=4139"},"modified":"2025-12-01T01:55:30","modified_gmt":"2025-12-01T00:55:30","slug":"bug08110-bugatti-chiron-sport-110-ans-1-18","status":"publish","type":"product","link":"https:\/\/modelkars.com\/fr\/shop\/mr-collection\/bug08110-bugatti-chiron-sport-110-ans-1-18\/","title":{"rendered":"Bugatti Chiron Sport 110 ANS"},"content":{"rendered":"\n\t<section class=\"section dark\" id=\"section_2003970019\">\n\t\t<div class=\"section-bg fill\" >\n\t\t\t\t\t\t\t\t\t\n\t\t\t\n\n\t\t<\/div>\n\n\t\t\n\n\t\t<div class=\"section-content relative\">\n\t\t\t\n<p class=\"lead\" style=\"text-align: center;\"><span style=\"font-size: 200%;\">1 \/ <span class=\"count-up\"><strong><span style=\"color: #3366ff;\">2<\/span>9<span style=\"color: #d83131;\">9<\/span><\/strong><\/span><\/span><\/p>\n  <div class=\"banner-grid-wrapper\">\n  <div id=\"banner-grid-1040612269\" class=\"banner-grid row row-grid row-small\" data-packery-options=\"\">\n                      \n<div class=\"col grid-col small-12 large-6 grid-col-2-3\" ><div class=\"col-inner\">\n\t<div class=\"img has-hover x md-x lg-x y md-y lg-y\" id=\"image_1437653619\">\n\t\t\t\t\t\t\t\t<div class=\"img-inner dark\" >\n\t\t\t<img decoding=\"async\" width=\"1020\" height=\"680\" src=\"https:\/\/modelkars.com\/wp-content\/uploads\/1200-details-mr-collection-bugatti-110-ans-15-1050x700.jpg\" class=\"attachment-large size-large\" alt=\"\" srcset=\"https:\/\/modelkars.com\/wp-content\/uploads\/1200-details-mr-collection-bugatti-110-ans-15-1050x700.jpg 1050w, https:\/\/modelkars.com\/wp-content\/uploads\/1200-details-mr-collection-bugatti-110-ans-15-680x453.jpg 680w, https:\/\/modelkars.com\/wp-content\/uploads\/1200-details-mr-collection-bugatti-110-ans-15-64x43.jpg 64w, https:\/\/modelkars.com\/wp-content\/uploads\/1200-details-mr-collection-bugatti-110-ans-15-690x460.jpg 690w, https:\/\/modelkars.com\/wp-content\/uploads\/1200-details-mr-collection-bugatti-110-ans-15-768x512.jpg 768w, https:\/\/modelkars.com\/wp-content\/uploads\/1200-details-mr-collection-bugatti-110-ans-15.jpg 1200w\" sizes=\"(max-width: 1020px) 100vw, 1020px\" \/>\t\t\t\t\t\t\n\t\t\t\t\t<\/div>\n\t\t\t\t\t\t\t\t\n<style>\n#image_1437653619 {\n  width: 100%;\n}\n<\/style>\n\t<\/div>\n\t\n<\/div><\/div>\n<div class=\"col grid-col small-12 large-6 grid-col-1-2\" ><div class=\"col-inner\">\n\t<div class=\"img has-hover x md-x lg-x y md-y lg-y\" id=\"image_327219635\">\n\t\t\t\t\t\t\t\t<div class=\"img-inner dark\" >\n\t\t\t<img decoding=\"async\" width=\"1020\" height=\"680\" src=\"https:\/\/modelkars.com\/wp-content\/uploads\/1200-details-mr-collection-bugatti-110-ans-13-1050x700.jpg\" class=\"attachment-large size-large\" alt=\"\" srcset=\"https:\/\/modelkars.com\/wp-content\/uploads\/1200-details-mr-collection-bugatti-110-ans-13-1050x700.jpg 1050w, https:\/\/modelkars.com\/wp-content\/uploads\/1200-details-mr-collection-bugatti-110-ans-13-680x453.jpg 680w, https:\/\/modelkars.com\/wp-content\/uploads\/1200-details-mr-collection-bugatti-110-ans-13-64x43.jpg 64w, https:\/\/modelkars.com\/wp-content\/uploads\/1200-details-mr-collection-bugatti-110-ans-13-690x460.jpg 690w, https:\/\/modelkars.com\/wp-content\/uploads\/1200-details-mr-collection-bugatti-110-ans-13-768x512.jpg 768w, https:\/\/modelkars.com\/wp-content\/uploads\/1200-details-mr-collection-bugatti-110-ans-13.jpg 1200w\" sizes=\"(max-width: 1020px) 100vw, 1020px\" \/>\t\t\t\t\t\t\n\t\t\t\t\t<\/div>\n\t\t\t\t\t\t\t\t\n<style>\n#image_327219635 {\n  width: 100%;\n}\n<\/style>\n\t<\/div>\n\t\n<\/div><\/div>\n<div class=\"col grid-col small-6 large-3 grid-col-1-2\" ><div class=\"col-inner\">\n\t<div class=\"img has-hover x md-x lg-x y md-y lg-y\" id=\"image_1614655669\">\n\t\t\t\t\t\t\t\t<div class=\"img-inner dark\" >\n\t\t\t<img decoding=\"async\" width=\"1020\" height=\"680\" src=\"https:\/\/modelkars.com\/wp-content\/uploads\/1200-details-mr-collection-bugatti-110-ans-16-1050x700.jpg\" class=\"attachment-large size-large\" alt=\"\" srcset=\"https:\/\/modelkars.com\/wp-content\/uploads\/1200-details-mr-collection-bugatti-110-ans-16-1050x700.jpg 1050w, https:\/\/modelkars.com\/wp-content\/uploads\/1200-details-mr-collection-bugatti-110-ans-16-680x453.jpg 680w, https:\/\/modelkars.com\/wp-content\/uploads\/1200-details-mr-collection-bugatti-110-ans-16-64x43.jpg 64w, https:\/\/modelkars.com\/wp-content\/uploads\/1200-details-mr-collection-bugatti-110-ans-16-690x460.jpg 690w, https:\/\/modelkars.com\/wp-content\/uploads\/1200-details-mr-collection-bugatti-110-ans-16-768x512.jpg 768w, https:\/\/modelkars.com\/wp-content\/uploads\/1200-details-mr-collection-bugatti-110-ans-16.jpg 1200w\" sizes=\"(max-width: 1020px) 100vw, 1020px\" \/>\t\t\t\t\t\t\n\t\t\t\t\t<\/div>\n\t\t\t\t\t\t\t\t\n<style>\n#image_1614655669 {\n  width: 100%;\n}\n<\/style>\n\t<\/div>\n\t\n<\/div><\/div>\n<div class=\"col grid-col small-6 large-3 grid-col-1-2\" ><div class=\"col-inner\">\n\t<div class=\"img has-hover x md-x lg-x y md-y lg-y\" id=\"image_1178050368\">\n\t\t\t\t\t\t\t\t<div class=\"img-inner dark\" >\n\t\t\t<img decoding=\"async\" width=\"1020\" height=\"684\" src=\"https:\/\/modelkars.com\/wp-content\/uploads\/1200-details-mr-collection-bugatti-110-ans-12-1050x704.jpg\" class=\"attachment-large size-large\" alt=\"\" srcset=\"https:\/\/modelkars.com\/wp-content\/uploads\/1200-details-mr-collection-bugatti-110-ans-12-1050x704.jpg 1050w, https:\/\/modelkars.com\/wp-content\/uploads\/1200-details-mr-collection-bugatti-110-ans-12-680x456.jpg 680w, https:\/\/modelkars.com\/wp-content\/uploads\/1200-details-mr-collection-bugatti-110-ans-12-64x43.jpg 64w, https:\/\/modelkars.com\/wp-content\/uploads\/1200-details-mr-collection-bugatti-110-ans-12-690x463.jpg 690w, https:\/\/modelkars.com\/wp-content\/uploads\/1200-details-mr-collection-bugatti-110-ans-12-768x515.jpg 768w, https:\/\/modelkars.com\/wp-content\/uploads\/1200-details-mr-collection-bugatti-110-ans-12.jpg 1200w\" sizes=\"(max-width: 1020px) 100vw, 1020px\" \/>\t\t\t\t\t\t\n\t\t\t\t\t<\/div>\n\t\t\t\t\t\t\t\t\n<style>\n#image_1178050368 {\n  width: 100%;\n}\n<\/style>\n\t<\/div>\n\t\n<\/div><\/div>\n<div class=\"col grid-col small-12 large-6 grid-col-1-3\" ><div class=\"col-inner\">\n\t<div class=\"img has-hover x md-x lg-x y md-y lg-y\" id=\"image_2108942956\">\n\t\t\t\t\t\t\t\t<div class=\"img-inner dark\" >\n\t\t\t<img decoding=\"async\" width=\"1020\" height=\"683\" src=\"https:\/\/modelkars.com\/wp-content\/uploads\/1200-details-mr-collection-bugatti-110-ans-6-1050x703.jpg\" class=\"attachment-large size-large\" alt=\"\" srcset=\"https:\/\/modelkars.com\/wp-content\/uploads\/1200-details-mr-collection-bugatti-110-ans-6-1050x703.jpg 1050w, https:\/\/modelkars.com\/wp-content\/uploads\/1200-details-mr-collection-bugatti-110-ans-6-680x455.jpg 680w, https:\/\/modelkars.com\/wp-content\/uploads\/1200-details-mr-collection-bugatti-110-ans-6-64x43.jpg 64w, https:\/\/modelkars.com\/wp-content\/uploads\/1200-details-mr-collection-bugatti-110-ans-6-690x462.jpg 690w, https:\/\/modelkars.com\/wp-content\/uploads\/1200-details-mr-collection-bugatti-110-ans-6-768x514.jpg 768w, https:\/\/modelkars.com\/wp-content\/uploads\/1200-details-mr-collection-bugatti-110-ans-6.jpg 1200w\" sizes=\"(max-width: 1020px) 100vw, 1020px\" \/>\t\t\t\t\t\t\n\t\t\t\t\t<\/div>\n\t\t\t\t\t\t\t\t\n<style>\n#image_2108942956 {\n  width: 100%;\n}\n<\/style>\n\t<\/div>\n\t\n<\/div><\/div>\n            <\/div>\n    <style>\n    #banner-grid-1040612269 .grid-col-1{height: 666px}\n    #banner-grid-1040612269 .grid-col-1-2{height: 333px}\n    #banner-grid-1040612269 .grid-col-1-3{height:222px}\n    #banner-grid-1040612269 .grid-col-2-3{height: 444px}\n    #banner-grid-1040612269 .grid-col-1-4{height: 166.5px}\n    #banner-grid-1040612269 .grid-col-3-4{height: 499.5px}\n\n\n    \n    \n\n  <\/style>\n    <\/div>\n  \n\t\t<\/div>\n\n\t\t\n<style>\n#section_2003970019 {\n  padding-top: 100px;\n  padding-bottom: 100px;\n  background-color: rgba(0, 0, 0, 0.9);\n}\n<\/style>\n\t<\/section>\n\t\n","protected":false},"excerpt":{"rendered":"<p>Avec l&rsquo;\u00e9dition limit\u00e9e de la Chiron Sport \u00ab 110 ANS \u00bb, Bugatti c\u00e9l\u00e8bre les cent-dix ans de sa cr\u00e9ation, en 1909. L&rsquo;origine fran\u00e7aise de la marque est d\u00e9finitivement mise en valeur sur ce mod\u00e8le avec de nombreux embl\u00e8mes tricolores, tandis que l&rsquo;habitacle est orn\u00e9 de cuir bleu, contrast\u00e9 d&rsquo;\u00e9l\u00e9ments plus clairs. Ce mod\u00e8le r\u00e9duit d&rsquo;exception fabriqu\u00e9 par MR Collection est d&rsquo;une qualit\u00e9 exceptionnelle. Reproduite \u00e0 l&rsquo;\u00e9chelle 1:18\u00e8me, cette Bugatti Chiron Sport 110 ANS est une pi\u00e8ce de collection rare.<\/p>\n","protected":false},"featured_media":13094,"template":"","meta":{"_seopress_robots_primary_cat":"none","_seopress_titles_title":"","_seopress_titles_desc":"","_seopress_robots_index":""},"product_brand":[],"product_cat":[95],"product_tag":[84,93,97,92,85,86,323],"class_list":{"0":"post-4139","1":"product","2":"type-product","3":"status-publish","4":"has-post-thumbnail","6":"product_cat-mr-collection","7":"product_tag-echelle-118","8":"product_tag-edition-limitee","9":"product_tag-fabrique-en-italie","10":"product_tag-resine","11":"product_tag-sans-ouvrants","12":"product_tag-socle-inclus","13":"product_tag-vitrine-incluse","15":"first","16":"outofstock","17":"taxable","18":"shipping-taxable","19":"purchasable","20":"product-type-simple"},"_links":{"self":[{"href":"https:\/\/modelkars.com\/fr\/wp-json\/wp\/v2\/product\/4139","targetHints":{"allow":["GET"]}}],"collection":[{"href":"https:\/\/modelkars.com\/fr\/wp-json\/wp\/v2\/product"}],"about":[{"href":"https:\/\/modelkars.com\/fr\/wp-json\/wp\/v2\/types\/product"}],"wp:featuredmedia":[{"embeddable":true,"href":"https:\/\/modelkars.com\/fr\/wp-json\/wp\/v2\/media\/13094"}],"wp:attachment":[{"href":"https:\/\/modelkars.com\/fr\/wp-json\/wp\/v2\/media?parent=4139"}],"wp:term":[{"taxonomy":"product_brand","embeddable":true,"href":"https:\/\/modelkars.com\/fr\/wp-json\/wp\/v2\/product_brand?post=4139"},{"taxonomy":"product_cat","embeddable":true,"href":"https:\/\/modelkars.com\/fr\/wp-json\/wp\/v2\/product_cat?post=4139"},{"taxonomy":"product_tag","embeddable":true,"href":"https:\/\/modelkars.com\/fr\/wp-json\/wp\/v2\/product_tag?post=4139"}],"curies":[{"name":"wp","href":"https:\/\/api.w.org\/{rel}","templated":true}]}}