{"id":40159,"date":"2024-09-23T00:00:01","date_gmt":"2024-09-22T22:00:01","guid":{"rendered":"https:\/\/modelkars.com\/?post_type=product&#038;p=40159"},"modified":"2025-12-01T01:52:57","modified_gmt":"2025-12-01T00:52:57","slug":"450052600-porsche-911-992-gt3-rouge-guards","status":"publish","type":"product","link":"https:\/\/modelkars.com\/fr\/shop\/schuco\/450052600-porsche-911-992-gt3-rouge-guards\/","title":{"rendered":"Porsche 911 (992) GT3"},"content":{"rendered":"","protected":false},"excerpt":{"rendered":"<p>Cette voiture miniature \u00e0 l&rsquo;\u00e9chelle 1:18\u00e8me reproduit la Porsche 911 (992) GT3 dans un coloris rouge Guard. Fabriqu\u00e9 par Schuco, ce mod\u00e8le r\u00e9duit est r\u00e9alis\u00e9 en r\u00e9sine. Miniature livr\u00e9e avec socle et vitrine.<\/p>\n","protected":false},"featured_media":58381,"template":"","meta":{"_seopress_robots_primary_cat":"","_seopress_titles_title":"","_seopress_titles_desc":"","_seopress_robots_index":""},"product_brand":[],"product_cat":[467],"product_tag":[84,92,85,86,323],"class_list":{"0":"post-40159","1":"product","2":"type-product","3":"status-publish","4":"has-post-thumbnail","6":"product_cat-schuco","7":"product_tag-echelle-118","8":"product_tag-resine","9":"product_tag-sans-ouvrants","10":"product_tag-socle-inclus","11":"product_tag-vitrine-incluse","13":"first","14":"outofstock","15":"taxable","16":"shipping-taxable","17":"purchasable","18":"product-type-simple"},"_links":{"self":[{"href":"https:\/\/modelkars.com\/fr\/wp-json\/wp\/v2\/product\/40159","targetHints":{"allow":["GET"]}}],"collection":[{"href":"https:\/\/modelkars.com\/fr\/wp-json\/wp\/v2\/product"}],"about":[{"href":"https:\/\/modelkars.com\/fr\/wp-json\/wp\/v2\/types\/product"}],"wp:featuredmedia":[{"embeddable":true,"href":"https:\/\/modelkars.com\/fr\/wp-json\/wp\/v2\/media\/58381"}],"wp:attachment":[{"href":"https:\/\/modelkars.com\/fr\/wp-json\/wp\/v2\/media?parent=40159"}],"wp:term":[{"taxonomy":"product_brand","embeddable":true,"href":"https:\/\/modelkars.com\/fr\/wp-json\/wp\/v2\/product_brand?post=40159"},{"taxonomy":"product_cat","embeddable":true,"href":"https:\/\/modelkars.com\/fr\/wp-json\/wp\/v2\/product_cat?post=40159"},{"taxonomy":"product_tag","embeddable":true,"href":"https:\/\/modelkars.com\/fr\/wp-json\/wp\/v2\/product_tag?post=40159"}],"curies":[{"name":"wp","href":"https:\/\/api.w.org\/{rel}","templated":true}]}}