{"id":39670,"date":"2024-09-12T18:18:24","date_gmt":"2024-09-12T16:18:24","guid":{"rendered":"https:\/\/modelkars.com\/?post_type=product&#038;p=39670"},"modified":"2025-12-01T01:52:58","modified_gmt":"2025-12-01T00:52:58","slug":"bug016a-bugatti-chiron-profilee","status":"publish","type":"product","link":"https:\/\/modelkars.com\/fr\/shop\/mr-collection\/bug016a-bugatti-chiron-profilee\/","title":{"rendered":"Bugatti Chiron Profil\u00e9e"},"content":{"rendered":"","protected":false},"excerpt":{"rendered":"<p>La Bugatti Chiron Profil\u00e9e est reproduite \u00e0 l&rsquo;\u00e9chelle 1:18 par MR Collection et reproduite avec une pr\u00e9cision parfaite dans sa belle livr\u00e9e Bleue Royale Carbone et Argent Atlantique. Il s&rsquo;agit de la toute derni\u00e8re Bugatti vendue avec le fabuleux moteur W16, un exemplaire unique de pr\u00e9-s\u00e9rie \u00ab\u00a0Profil\u00e9e\u00a0\u00bb qui se voulait \u00eatre une interpr\u00e9tation moins radicale de la Pur Sport, remarquable notamment par ses jantes sp\u00e9cifiques et son aileron caract\u00e9ristique. Ce mod\u00e8le r\u00e9duit exclusif et produit en s\u00e9rie tr\u00e8s limit\u00e9e est livr\u00e9 sur un socle haut de gamme incluant une vitrine transparente.<\/p>\n","protected":false},"featured_media":57856,"template":"","meta":{"_seopress_robots_primary_cat":"none","_seopress_titles_title":"","_seopress_titles_desc":"","_seopress_robots_index":""},"product_brand":[],"product_cat":[95],"product_tag":[84,93,92,85,86,323],"class_list":{"0":"post-39670","1":"product","2":"type-product","3":"status-publish","4":"has-post-thumbnail","6":"product_cat-mr-collection","7":"product_tag-echelle-118","8":"product_tag-edition-limitee","9":"product_tag-resine","10":"product_tag-sans-ouvrants","11":"product_tag-socle-inclus","12":"product_tag-vitrine-incluse","14":"first","15":"outofstock","16":"taxable","17":"shipping-taxable","18":"purchasable","19":"product-type-simple"},"_links":{"self":[{"href":"https:\/\/modelkars.com\/fr\/wp-json\/wp\/v2\/product\/39670","targetHints":{"allow":["GET"]}}],"collection":[{"href":"https:\/\/modelkars.com\/fr\/wp-json\/wp\/v2\/product"}],"about":[{"href":"https:\/\/modelkars.com\/fr\/wp-json\/wp\/v2\/types\/product"}],"wp:featuredmedia":[{"embeddable":true,"href":"https:\/\/modelkars.com\/fr\/wp-json\/wp\/v2\/media\/57856"}],"wp:attachment":[{"href":"https:\/\/modelkars.com\/fr\/wp-json\/wp\/v2\/media?parent=39670"}],"wp:term":[{"taxonomy":"product_brand","embeddable":true,"href":"https:\/\/modelkars.com\/fr\/wp-json\/wp\/v2\/product_brand?post=39670"},{"taxonomy":"product_cat","embeddable":true,"href":"https:\/\/modelkars.com\/fr\/wp-json\/wp\/v2\/product_cat?post=39670"},{"taxonomy":"product_tag","embeddable":true,"href":"https:\/\/modelkars.com\/fr\/wp-json\/wp\/v2\/product_tag?post=39670"}],"curies":[{"name":"wp","href":"https:\/\/api.w.org\/{rel}","templated":true}]}}