{"id":39660,"date":"2024-03-13T00:00:01","date_gmt":"2024-03-12T23:00:01","guid":{"rendered":"https:\/\/modelkars.com\/?post_type=product&#038;p=39660"},"modified":"2026-01-17T09:52:07","modified_gmt":"2026-01-17T08:52:07","slug":"p18185chi-ferrari-roma-china-30th-anniversary","status":"publish","type":"product","link":"https:\/\/modelkars.com\/fr\/shop\/bbr\/p18185chi-ferrari-roma-china-30th-anniversary\/","title":{"rendered":"Ferrari Roma China 30th Anniversary"},"content":{"rendered":"","protected":false},"excerpt":{"rendered":"<p>Cette Ferrari Roma est fabriqu\u00e9e par BBR, sp\u00e9cialiste des voitures miniatures haut de gamme. Mod\u00e9lis\u00e9e \u00e0 l&rsquo;\u00e9chelle 1:18\u00e8me jusque dans ses moindres d\u00e9tails, elle est ici pr\u00e9sent\u00e9e dans une livr\u00e9e blanche \u00e0 bande rouge cr\u00e9\u00e9e sp\u00e9cifiquement pour le 30\u00e8me anniversaire de Ferrari en Chine. Mod\u00e8le limit\u00e9 \u00e0 180 pi\u00e8ces num\u00e9rot\u00e9es.<\/p>\n","protected":false},"featured_media":49545,"template":"","meta":{"_seopress_robots_primary_cat":"none","_seopress_titles_title":"","_seopress_titles_desc":"","_seopress_robots_index":""},"product_brand":[],"product_cat":[315],"product_tag":[84,92,85,86],"class_list":{"0":"post-39660","1":"product","2":"type-product","3":"status-publish","4":"has-post-thumbnail","6":"product_cat-bbr","7":"product_tag-echelle-118","8":"product_tag-resine","9":"product_tag-sans-ouvrants","10":"product_tag-socle-inclus","12":"first","13":"outofstock","14":"taxable","15":"shipping-taxable","16":"purchasable","17":"product-type-simple"},"_links":{"self":[{"href":"https:\/\/modelkars.com\/fr\/wp-json\/wp\/v2\/product\/39660","targetHints":{"allow":["GET"]}}],"collection":[{"href":"https:\/\/modelkars.com\/fr\/wp-json\/wp\/v2\/product"}],"about":[{"href":"https:\/\/modelkars.com\/fr\/wp-json\/wp\/v2\/types\/product"}],"wp:featuredmedia":[{"embeddable":true,"href":"https:\/\/modelkars.com\/fr\/wp-json\/wp\/v2\/media\/49545"}],"wp:attachment":[{"href":"https:\/\/modelkars.com\/fr\/wp-json\/wp\/v2\/media?parent=39660"}],"wp:term":[{"taxonomy":"product_brand","embeddable":true,"href":"https:\/\/modelkars.com\/fr\/wp-json\/wp\/v2\/product_brand?post=39660"},{"taxonomy":"product_cat","embeddable":true,"href":"https:\/\/modelkars.com\/fr\/wp-json\/wp\/v2\/product_cat?post=39660"},{"taxonomy":"product_tag","embeddable":true,"href":"https:\/\/modelkars.com\/fr\/wp-json\/wp\/v2\/product_tag?post=39660"}],"curies":[{"name":"wp","href":"https:\/\/api.w.org\/{rel}","templated":true}]}}