{"id":39457,"date":"2023-03-08T10:33:28","date_gmt":"2023-03-08T09:33:28","guid":{"rendered":"https:\/\/modelkars.com\/?post_type=product&#038;p=39457"},"modified":"2025-12-01T01:53:55","modified_gmt":"2025-12-01T00:53:55","slug":"p18160h-ferrari-488-pista-piloti-jaune-modena","status":"publish","type":"product","link":"https:\/\/modelkars.com\/fr\/shop\/bbr\/p18160h-ferrari-488-pista-piloti-jaune-modena\/","title":{"rendered":"Ferrari 488 Pista Piloti"},"content":{"rendered":"","protected":false},"excerpt":{"rendered":"<p>Ce mod\u00e8le r\u00e9duit haut de gamme reproduit la Ferrari 488 Pista Piloti dans une r\u00e9plique extr\u00eamement fid\u00e8le. De couleur jaune Modena, cette miniature est fabriqu\u00e9e par BBR \u00e0 l\u2019\u00e9chelle 1:18\u00e8me et livr\u00e9e sur un support de qualit\u00e9 incluant une vitrine. Mod\u00e8le limit\u00e9 \u00e0 168 pi\u00e8ces num\u00e9rot\u00e9es.<\/p>\n","protected":false},"featured_media":39473,"template":"","meta":{"_seopress_robots_primary_cat":"none","_seopress_titles_title":"","_seopress_titles_desc":"","_seopress_robots_index":""},"product_brand":[],"product_cat":[315],"product_tag":[84,92,86,323],"class_list":{"0":"post-39457","1":"product","2":"type-product","3":"status-publish","4":"has-post-thumbnail","6":"product_cat-bbr","7":"product_tag-echelle-118","8":"product_tag-resine","9":"product_tag-socle-inclus","10":"product_tag-vitrine-incluse","12":"first","13":"outofstock","14":"taxable","15":"shipping-taxable","16":"purchasable","17":"product-type-simple"},"_links":{"self":[{"href":"https:\/\/modelkars.com\/fr\/wp-json\/wp\/v2\/product\/39457","targetHints":{"allow":["GET"]}}],"collection":[{"href":"https:\/\/modelkars.com\/fr\/wp-json\/wp\/v2\/product"}],"about":[{"href":"https:\/\/modelkars.com\/fr\/wp-json\/wp\/v2\/types\/product"}],"wp:featuredmedia":[{"embeddable":true,"href":"https:\/\/modelkars.com\/fr\/wp-json\/wp\/v2\/media\/39473"}],"wp:attachment":[{"href":"https:\/\/modelkars.com\/fr\/wp-json\/wp\/v2\/media?parent=39457"}],"wp:term":[{"taxonomy":"product_brand","embeddable":true,"href":"https:\/\/modelkars.com\/fr\/wp-json\/wp\/v2\/product_brand?post=39457"},{"taxonomy":"product_cat","embeddable":true,"href":"https:\/\/modelkars.com\/fr\/wp-json\/wp\/v2\/product_cat?post=39457"},{"taxonomy":"product_tag","embeddable":true,"href":"https:\/\/modelkars.com\/fr\/wp-json\/wp\/v2\/product_tag?post=39457"}],"curies":[{"name":"wp","href":"https:\/\/api.w.org\/{rel}","templated":true}]}}