{"id":39340,"date":"2023-01-18T16:24:26","date_gmt":"2023-01-18T15:24:26","guid":{"rendered":"https:\/\/modelkars.com\/?post_type=product&#038;p=39340"},"modified":"2025-12-01T01:53:59","modified_gmt":"2025-12-01T00:53:59","slug":"10301-31-mercedes-amg-g63-4x4%c2%b2-vert-hell-magno","status":"publish","type":"product","link":"https:\/\/modelkars.com\/fr\/shop\/nzg\/10301-31-mercedes-amg-g63-4x4%c2%b2-vert-hell-magno\/","title":{"rendered":"Mercedes-AMG G 63 4&#215;4\u00b2 W463"},"content":{"rendered":"","protected":false},"excerpt":{"rendered":"<p>Cette voiture miniature \u00e0 l&rsquo;\u00e9chelle 1:12\u00e8me reproduit la Mercedes-Benz Classe G63 AMG 4&#215;4\u00b2 dans un coloris vert Hell Magno. Fabriqu\u00e9 par NZG, ce mod\u00e8le r\u00e9duit est r\u00e9alis\u00e9 en m\u00e9tal et poss\u00e8de de nombreux ouvrants et pi\u00e8ces mobiles dont les portes, coffre, capot moteur, toit, compartiment de roue de secours, accoudoir central rabattable, si\u00e8ges r\u00e9glables, trappe \u00e0 essence, bo\u00eete \u00e0 gants, r\u00e9troviseurs rabattables, \u00e9chelle et rack de toit&#8230; Miniature de haute qualit\u00e9 comportant 462 pi\u00e8ces et produite en s\u00e9rie limit\u00e9e.<\/p>\n","protected":false},"featured_media":39361,"template":"","meta":{"_seopress_robots_primary_cat":"","_seopress_titles_title":"","_seopress_titles_desc":"","_seopress_robots_index":"","_seopress_analysis_target_kw":""},"product_brand":[],"product_cat":[407],"product_tag":[117,188,93,89],"class_list":{"0":"post-39340","1":"product","2":"type-product","3":"status-publish","4":"has-post-thumbnail","6":"product_cat-nzg","7":"product_tag-avec-ouvrants","8":"product_tag-echelle-112","9":"product_tag-edition-limitee","10":"product_tag-metal","12":"first","13":"outofstock","14":"taxable","15":"shipping-taxable","16":"purchasable","17":"product-type-simple"},"_links":{"self":[{"href":"https:\/\/modelkars.com\/fr\/wp-json\/wp\/v2\/product\/39340","targetHints":{"allow":["GET"]}}],"collection":[{"href":"https:\/\/modelkars.com\/fr\/wp-json\/wp\/v2\/product"}],"about":[{"href":"https:\/\/modelkars.com\/fr\/wp-json\/wp\/v2\/types\/product"}],"wp:featuredmedia":[{"embeddable":true,"href":"https:\/\/modelkars.com\/fr\/wp-json\/wp\/v2\/media\/39361"}],"wp:attachment":[{"href":"https:\/\/modelkars.com\/fr\/wp-json\/wp\/v2\/media?parent=39340"}],"wp:term":[{"taxonomy":"product_brand","embeddable":true,"href":"https:\/\/modelkars.com\/fr\/wp-json\/wp\/v2\/product_brand?post=39340"},{"taxonomy":"product_cat","embeddable":true,"href":"https:\/\/modelkars.com\/fr\/wp-json\/wp\/v2\/product_cat?post=39340"},{"taxonomy":"product_tag","embeddable":true,"href":"https:\/\/modelkars.com\/fr\/wp-json\/wp\/v2\/product_tag?post=39340"}],"curies":[{"name":"wp","href":"https:\/\/api.w.org\/{rel}","templated":true}]}}