{"id":36347,"date":"2022-10-27T22:40:10","date_gmt":"2022-10-27T20:40:10","guid":{"rendered":"https:\/\/modelkars.com\/?post_type=product&#038;p=36347"},"modified":"2025-12-01T01:54:07","modified_gmt":"2025-12-01T00:54:07","slug":"5012120051-audi-rs-e-tron-gt-gris-daytona","status":"publish","type":"product","link":"https:\/\/modelkars.com\/fr\/shop\/minichamps\/5012120051-audi-rs-e-tron-gt-gris-daytona\/","title":{"rendered":"Audi RS e-tron GT"},"content":{"rendered":"","protected":false},"excerpt":{"rendered":"<p>Cette voiture miniature \u00e0 l&rsquo;\u00e9chelle 1:18\u00e8me reproduit la Audi RS e-tron GT dans un coloris gris Daytona. Fabriqu\u00e9 par Minichamps, ce mod\u00e8le r\u00e9duit est r\u00e9alis\u00e9 en m\u00e9tal. Miniature produite en s\u00e9rie limit\u00e9e. Ceci est un produit Audi officiel avec un packaging aux couleurs de la marque.<\/p>\n","protected":false},"featured_media":36348,"template":"","meta":{"_seopress_robots_primary_cat":"","_seopress_titles_title":"","_seopress_titles_desc":"","_seopress_robots_index":""},"product_brand":[],"product_cat":[94],"product_tag":[84,93,89,85,86],"class_list":{"0":"post-36347","1":"product","2":"type-product","3":"status-publish","4":"has-post-thumbnail","6":"product_cat-minichamps","7":"product_tag-echelle-118","8":"product_tag-edition-limitee","9":"product_tag-metal","10":"product_tag-sans-ouvrants","11":"product_tag-socle-inclus","13":"first","14":"outofstock","15":"taxable","16":"shipping-taxable","17":"purchasable","18":"product-type-simple"},"_links":{"self":[{"href":"https:\/\/modelkars.com\/fr\/wp-json\/wp\/v2\/product\/36347","targetHints":{"allow":["GET"]}}],"collection":[{"href":"https:\/\/modelkars.com\/fr\/wp-json\/wp\/v2\/product"}],"about":[{"href":"https:\/\/modelkars.com\/fr\/wp-json\/wp\/v2\/types\/product"}],"wp:featuredmedia":[{"embeddable":true,"href":"https:\/\/modelkars.com\/fr\/wp-json\/wp\/v2\/media\/36348"}],"wp:attachment":[{"href":"https:\/\/modelkars.com\/fr\/wp-json\/wp\/v2\/media?parent=36347"}],"wp:term":[{"taxonomy":"product_brand","embeddable":true,"href":"https:\/\/modelkars.com\/fr\/wp-json\/wp\/v2\/product_brand?post=36347"},{"taxonomy":"product_cat","embeddable":true,"href":"https:\/\/modelkars.com\/fr\/wp-json\/wp\/v2\/product_cat?post=36347"},{"taxonomy":"product_tag","embeddable":true,"href":"https:\/\/modelkars.com\/fr\/wp-json\/wp\/v2\/product_tag?post=36347"}],"curies":[{"name":"wp","href":"https:\/\/api.w.org\/{rel}","templated":true}]}}