{"id":36156,"date":"2022-10-18T19:42:07","date_gmt":"2022-10-18T17:42:07","guid":{"rendered":"https:\/\/modelkars.com\/?post_type=product&#038;p=36156"},"modified":"2025-12-02T00:00:39","modified_gmt":"2025-12-01T23:00:39","slug":"155069172-porsche-911-992-turbo-s-sport-design-rouge-strawberry","status":"publish","type":"product","link":"https:\/\/modelkars.com\/fr\/shop\/minichamps\/155069172-porsche-911-992-turbo-s-sport-design-rouge-strawberry\/","title":{"rendered":"Porsche 911 (992) Turbo S Sport Design"},"content":{"rendered":"","protected":false},"excerpt":{"rendered":"<p>Cette voiture miniature \u00e0 l&rsquo;\u00e9chelle 1:18\u00e8me reproduit la Porsche 911 (992) Turbo S Sport Design dans un coloris rouge Strawberry. Fabriqu\u00e9 par Minichamps, ce mod\u00e8le r\u00e9duit est r\u00e9alis\u00e9 en m\u00e9tal.<\/p>\n","protected":false},"featured_media":36320,"template":"","meta":{"_seopress_robots_primary_cat":"","_seopress_titles_title":"","_seopress_titles_desc":"","_seopress_robots_index":""},"product_brand":[],"product_cat":[94],"product_tag":[84,89,85,86],"class_list":{"0":"post-36156","1":"product","2":"type-product","3":"status-publish","4":"has-post-thumbnail","6":"product_cat-minichamps","7":"product_tag-echelle-118","8":"product_tag-metal","9":"product_tag-sans-ouvrants","10":"product_tag-socle-inclus","12":"first","13":"instock","14":"taxable","15":"shipping-taxable","16":"purchasable","17":"product-type-simple"},"_links":{"self":[{"href":"https:\/\/modelkars.com\/fr\/wp-json\/wp\/v2\/product\/36156","targetHints":{"allow":["GET"]}}],"collection":[{"href":"https:\/\/modelkars.com\/fr\/wp-json\/wp\/v2\/product"}],"about":[{"href":"https:\/\/modelkars.com\/fr\/wp-json\/wp\/v2\/types\/product"}],"wp:featuredmedia":[{"embeddable":true,"href":"https:\/\/modelkars.com\/fr\/wp-json\/wp\/v2\/media\/36320"}],"wp:attachment":[{"href":"https:\/\/modelkars.com\/fr\/wp-json\/wp\/v2\/media?parent=36156"}],"wp:term":[{"taxonomy":"product_brand","embeddable":true,"href":"https:\/\/modelkars.com\/fr\/wp-json\/wp\/v2\/product_brand?post=36156"},{"taxonomy":"product_cat","embeddable":true,"href":"https:\/\/modelkars.com\/fr\/wp-json\/wp\/v2\/product_cat?post=36156"},{"taxonomy":"product_tag","embeddable":true,"href":"https:\/\/modelkars.com\/fr\/wp-json\/wp\/v2\/product_tag?post=36156"}],"curies":[{"name":"wp","href":"https:\/\/api.w.org\/{rel}","templated":true}]}}