{"id":36152,"date":"2022-10-18T19:42:06","date_gmt":"2022-10-18T17:42:06","guid":{"rendered":"https:\/\/modelkars.com\/?post_type=product&#038;p=36152"},"modified":"2025-12-02T00:00:39","modified_gmt":"2025-12-01T23:00:39","slug":"wap0211060pgta-porsche-911-carrera-gts-cabriolet-america-edition-azurblue","status":"publish","type":"product","link":"https:\/\/modelkars.com\/fr\/shop\/spark\/wap0211060pgta-porsche-911-carrera-gts-cabriolet-america-edition-azurblue\/","title":{"rendered":"Porsche 911 Carrera GTS Cabriolet America Edition"},"content":{"rendered":"","protected":false},"excerpt":{"rendered":"<p>Cette voiture miniature \u00e0 l&rsquo;\u00e9chelle 1:18\u00e8me reproduit la Porsche 911 Carrera GTS Cabriolet America Edition dans un coloris Azurblue. C\u2019est un produit officiel avec un packaging aux couleurs de la marque Porsche. Fabriqu\u00e9 par Spark, ce mod\u00e8le r\u00e9duit est r\u00e9alis\u00e9 en r\u00e9sine et livr\u00e9 avec une vitrine transparente. Miniature produite en s\u00e9rie limit\u00e9e \u00e0 seulement 911 exemplaires.<\/p>\n","protected":false},"featured_media":41712,"template":"","meta":{"_seopress_robots_primary_cat":"","_seopress_titles_title":"","_seopress_titles_desc":"","_seopress_robots_index":""},"product_brand":[],"product_cat":[216],"product_tag":[84,93,92,85,86,323],"class_list":{"0":"post-36152","1":"product","2":"type-product","3":"status-publish","4":"has-post-thumbnail","6":"product_cat-spark","7":"product_tag-echelle-118","8":"product_tag-edition-limitee","9":"product_tag-resine","10":"product_tag-sans-ouvrants","11":"product_tag-socle-inclus","12":"product_tag-vitrine-incluse","14":"first","15":"instock","16":"taxable","17":"shipping-taxable","18":"purchasable","19":"product-type-simple"},"_links":{"self":[{"href":"https:\/\/modelkars.com\/fr\/wp-json\/wp\/v2\/product\/36152","targetHints":{"allow":["GET"]}}],"collection":[{"href":"https:\/\/modelkars.com\/fr\/wp-json\/wp\/v2\/product"}],"about":[{"href":"https:\/\/modelkars.com\/fr\/wp-json\/wp\/v2\/types\/product"}],"wp:featuredmedia":[{"embeddable":true,"href":"https:\/\/modelkars.com\/fr\/wp-json\/wp\/v2\/media\/41712"}],"wp:attachment":[{"href":"https:\/\/modelkars.com\/fr\/wp-json\/wp\/v2\/media?parent=36152"}],"wp:term":[{"taxonomy":"product_brand","embeddable":true,"href":"https:\/\/modelkars.com\/fr\/wp-json\/wp\/v2\/product_brand?post=36152"},{"taxonomy":"product_cat","embeddable":true,"href":"https:\/\/modelkars.com\/fr\/wp-json\/wp\/v2\/product_cat?post=36152"},{"taxonomy":"product_tag","embeddable":true,"href":"https:\/\/modelkars.com\/fr\/wp-json\/wp\/v2\/product_tag?post=36152"}],"curies":[{"name":"wp","href":"https:\/\/api.w.org\/{rel}","templated":true}]}}