{"id":36024,"date":"2022-11-30T01:00:00","date_gmt":"2022-11-30T00:00:00","guid":{"rendered":"https:\/\/modelkars.com\/?post_type=product&#038;p=36024"},"modified":"2025-12-01T01:54:01","modified_gmt":"2025-12-01T00:54:01","slug":"ot981-bmw-m3-e46-touring-concept-gris-chrome-shadow","status":"publish","type":"product","link":"https:\/\/modelkars.com\/fr\/shop\/ottomobile\/ot981-bmw-m3-e46-touring-concept-gris-chrome-shadow\/","title":{"rendered":"BMW M3 E46 Touring Concept"},"content":{"rendered":"","protected":false},"excerpt":{"rendered":"<p>Cette voiture miniature \u00e0 l&rsquo;\u00e9chelle 1:18\u00e8me reproduit la BMW M3 E46 Touring Concept dans un coloris gris Chrome Shadow. Fabriqu\u00e9 par OttOmobile, ce mod\u00e8le r\u00e9duit est r\u00e9alis\u00e9 en r\u00e9sine. Miniature produite en s\u00e9rie limit\u00e9e \u00e0 seulement 4000 exemplaires.<\/p>\n","protected":false},"featured_media":36088,"template":"","meta":{"_seopress_robots_primary_cat":"","_seopress_titles_title":"","_seopress_titles_desc":"","_seopress_robots_index":""},"product_brand":[],"product_cat":[225],"product_tag":[84,93,92,85],"class_list":{"0":"post-36024","1":"product","2":"type-product","3":"status-publish","4":"has-post-thumbnail","6":"product_cat-ottomobile","7":"product_tag-echelle-118","8":"product_tag-edition-limitee","9":"product_tag-resine","10":"product_tag-sans-ouvrants","12":"first","13":"outofstock","14":"taxable","15":"shipping-taxable","16":"purchasable","17":"product-type-simple"},"_links":{"self":[{"href":"https:\/\/modelkars.com\/fr\/wp-json\/wp\/v2\/product\/36024","targetHints":{"allow":["GET"]}}],"collection":[{"href":"https:\/\/modelkars.com\/fr\/wp-json\/wp\/v2\/product"}],"about":[{"href":"https:\/\/modelkars.com\/fr\/wp-json\/wp\/v2\/types\/product"}],"wp:featuredmedia":[{"embeddable":true,"href":"https:\/\/modelkars.com\/fr\/wp-json\/wp\/v2\/media\/36088"}],"wp:attachment":[{"href":"https:\/\/modelkars.com\/fr\/wp-json\/wp\/v2\/media?parent=36024"}],"wp:term":[{"taxonomy":"product_brand","embeddable":true,"href":"https:\/\/modelkars.com\/fr\/wp-json\/wp\/v2\/product_brand?post=36024"},{"taxonomy":"product_cat","embeddable":true,"href":"https:\/\/modelkars.com\/fr\/wp-json\/wp\/v2\/product_cat?post=36024"},{"taxonomy":"product_tag","embeddable":true,"href":"https:\/\/modelkars.com\/fr\/wp-json\/wp\/v2\/product_tag?post=36024"}],"curies":[{"name":"wp","href":"https:\/\/api.w.org\/{rel}","templated":true}]}}