{"id":35871,"date":"2025-03-27T00:00:01","date_gmt":"2025-03-26T23:00:01","guid":{"rendered":"https:\/\/modelkars.com\/?post_type=product&#038;p=35871"},"modified":"2025-12-02T00:00:22","modified_gmt":"2025-12-01T23:00:22","slug":"78026-porsche-911-carrera-2-7-rs-the-circuit-wolf-blanc","status":"publish","type":"product","link":"https:\/\/modelkars.com\/fr\/shop\/autoart\/78026-porsche-911-carrera-2-7-rs-the-circuit-wolf-blanc\/","title":{"rendered":"Porsche 911 Carrera 2.7 RS \u201cThe Circuit Wolf\u201d"},"content":{"rendered":"","protected":false},"excerpt":{"rendered":"<p>Cette voiture miniature \u00e0 l&rsquo;\u00e9chelle 1:18\u00e8me reproduit la Porsche 911 Carrera 2.7 RS \u201cThe Circuit Wolf\u201d dans un coloris blanc. C\u2019est une fid\u00e8le r\u00e9plique du v\u00e9hicule repr\u00e9sent\u00e9 dans le manga The Circuit Wolf. Fabriqu\u00e9 par AUTOart, ce mod\u00e8le r\u00e9duit est r\u00e9alis\u00e9 en composite. Certaines parties sont ouvrantes. Miniature produite en s\u00e9rie limit\u00e9e.<\/p>\n","protected":false},"featured_media":61954,"template":"","meta":{"_seopress_robots_primary_cat":"","_seopress_titles_title":"","_seopress_titles_desc":"","_seopress_robots_index":""},"product_brand":[],"product_cat":[118],"product_tag":[117,119,84,93],"class_list":{"0":"post-35871","1":"product","2":"type-product","3":"status-publish","4":"has-post-thumbnail","6":"product_cat-autoart","7":"product_tag-avec-ouvrants","8":"product_tag-composite","9":"product_tag-echelle-118","10":"product_tag-edition-limitee","12":"first","13":"instock","14":"taxable","15":"shipping-taxable","16":"purchasable","17":"product-type-simple"},"_links":{"self":[{"href":"https:\/\/modelkars.com\/fr\/wp-json\/wp\/v2\/product\/35871","targetHints":{"allow":["GET"]}}],"collection":[{"href":"https:\/\/modelkars.com\/fr\/wp-json\/wp\/v2\/product"}],"about":[{"href":"https:\/\/modelkars.com\/fr\/wp-json\/wp\/v2\/types\/product"}],"wp:featuredmedia":[{"embeddable":true,"href":"https:\/\/modelkars.com\/fr\/wp-json\/wp\/v2\/media\/61954"}],"wp:attachment":[{"href":"https:\/\/modelkars.com\/fr\/wp-json\/wp\/v2\/media?parent=35871"}],"wp:term":[{"taxonomy":"product_brand","embeddable":true,"href":"https:\/\/modelkars.com\/fr\/wp-json\/wp\/v2\/product_brand?post=35871"},{"taxonomy":"product_cat","embeddable":true,"href":"https:\/\/modelkars.com\/fr\/wp-json\/wp\/v2\/product_cat?post=35871"},{"taxonomy":"product_tag","embeddable":true,"href":"https:\/\/modelkars.com\/fr\/wp-json\/wp\/v2\/product_tag?post=35871"}],"curies":[{"name":"wp","href":"https:\/\/api.w.org\/{rel}","templated":true}]}}