{"id":35592,"date":"2023-04-21T00:00:01","date_gmt":"2023-04-20T22:00:01","guid":{"rendered":"https:\/\/modelkars.com\/?post_type=product&#038;p=35592"},"modified":"2025-12-01T01:53:51","modified_gmt":"2025-12-01T00:53:51","slug":"p18210e-ferrari-296-gtb-noir-1250","status":"publish","type":"product","link":"https:\/\/modelkars.com\/fr\/shop\/bbr\/p18210e-ferrari-296-gtb-noir-1250\/","title":{"rendered":"Ferrari 296 GTB"},"content":{"rendered":"","protected":false},"excerpt":{"rendered":"<p>Cette voiture miniature \u00e0 l&rsquo;\u00e9chelle 1:18\u00e8me reproduit la Ferrari 296 GTB dans un coloris Noir 1250. L\u2019int\u00e9rieur est de couleur rouge, les jantes aspect carbone et les \u00e9triers de freins en noir brillant. Fabriqu\u00e9 par BBR, ce mod\u00e8le r\u00e9duit est r\u00e9alis\u00e9 en r\u00e9sine et livr\u00e9 avec une vitrine transparente. Miniature produite en s\u00e9rie limit\u00e9e \u00e0 seulement 24 exemplaires.<\/p>\n","protected":false},"featured_media":42249,"template":"","meta":{"_seopress_robots_primary_cat":"","_seopress_titles_title":"","_seopress_titles_desc":"","_seopress_robots_index":""},"product_brand":[],"product_cat":[315],"product_tag":[84,93,92,85,86,323],"class_list":{"0":"post-35592","1":"product","2":"type-product","3":"status-publish","4":"has-post-thumbnail","6":"product_cat-bbr","7":"product_tag-echelle-118","8":"product_tag-edition-limitee","9":"product_tag-resine","10":"product_tag-sans-ouvrants","11":"product_tag-socle-inclus","12":"product_tag-vitrine-incluse","14":"first","15":"outofstock","16":"taxable","17":"shipping-taxable","18":"purchasable","19":"product-type-simple"},"_links":{"self":[{"href":"https:\/\/modelkars.com\/fr\/wp-json\/wp\/v2\/product\/35592","targetHints":{"allow":["GET"]}}],"collection":[{"href":"https:\/\/modelkars.com\/fr\/wp-json\/wp\/v2\/product"}],"about":[{"href":"https:\/\/modelkars.com\/fr\/wp-json\/wp\/v2\/types\/product"}],"wp:featuredmedia":[{"embeddable":true,"href":"https:\/\/modelkars.com\/fr\/wp-json\/wp\/v2\/media\/42249"}],"wp:attachment":[{"href":"https:\/\/modelkars.com\/fr\/wp-json\/wp\/v2\/media?parent=35592"}],"wp:term":[{"taxonomy":"product_brand","embeddable":true,"href":"https:\/\/modelkars.com\/fr\/wp-json\/wp\/v2\/product_brand?post=35592"},{"taxonomy":"product_cat","embeddable":true,"href":"https:\/\/modelkars.com\/fr\/wp-json\/wp\/v2\/product_cat?post=35592"},{"taxonomy":"product_tag","embeddable":true,"href":"https:\/\/modelkars.com\/fr\/wp-json\/wp\/v2\/product_tag?post=35592"}],"curies":[{"name":"wp","href":"https:\/\/api.w.org\/{rel}","templated":true}]}}