{"id":34869,"date":"2023-02-06T00:00:01","date_gmt":"2023-02-05T23:00:01","guid":{"rendered":"https:\/\/modelkars.com\/?post_type=product&#038;p=34869"},"modified":"2025-12-01T01:53:59","modified_gmt":"2025-12-01T00:53:59","slug":"gt405-rimac-nevera-bleue","status":"publish","type":"product","link":"https:\/\/modelkars.com\/fr\/shop\/gt-spirit\/gt405-rimac-nevera-bleue\/","title":{"rendered":"Rimac Nevera"},"content":{"rendered":"","protected":false},"excerpt":{"rendered":"<p>La Rimac Nevera est une incroyable hypercar \u00e9lectrique d\u00e9veloppant pr\u00e8s de 2000 ch et surtout pas moins de 2 360 Nm de couple\u00a0! Elle est ici reproduite dans une livr\u00e9e bleue par le fabricant GT Spirit. Cette miniature \u00e0 l\u2019\u00e9chelle 1:18\u00e8me, en r\u00e9sine, est fabriqu\u00e9e en s\u00e9rie limit\u00e9e et num\u00e9rot\u00e9e sous le ch\u00e2ssis.<\/p>\n","protected":false},"featured_media":34978,"template":"","meta":{"_seopress_robots_primary_cat":"","_seopress_titles_title":"","_seopress_titles_desc":"","_seopress_robots_index":""},"product_brand":[],"product_cat":[71],"product_tag":[84,93,471,92,85],"class_list":{"0":"post-34869","1":"product","2":"type-product","3":"status-publish","4":"has-post-thumbnail","6":"product_cat-gt-spirit","7":"product_tag-echelle-118","8":"product_tag-edition-limitee","9":"product_tag-janvier-2023","10":"product_tag-resine","11":"product_tag-sans-ouvrants","13":"first","14":"outofstock","15":"taxable","16":"shipping-taxable","17":"purchasable","18":"product-type-simple"},"_links":{"self":[{"href":"https:\/\/modelkars.com\/fr\/wp-json\/wp\/v2\/product\/34869","targetHints":{"allow":["GET"]}}],"collection":[{"href":"https:\/\/modelkars.com\/fr\/wp-json\/wp\/v2\/product"}],"about":[{"href":"https:\/\/modelkars.com\/fr\/wp-json\/wp\/v2\/types\/product"}],"wp:featuredmedia":[{"embeddable":true,"href":"https:\/\/modelkars.com\/fr\/wp-json\/wp\/v2\/media\/34978"}],"wp:attachment":[{"href":"https:\/\/modelkars.com\/fr\/wp-json\/wp\/v2\/media?parent=34869"}],"wp:term":[{"taxonomy":"product_brand","embeddable":true,"href":"https:\/\/modelkars.com\/fr\/wp-json\/wp\/v2\/product_brand?post=34869"},{"taxonomy":"product_cat","embeddable":true,"href":"https:\/\/modelkars.com\/fr\/wp-json\/wp\/v2\/product_cat?post=34869"},{"taxonomy":"product_tag","embeddable":true,"href":"https:\/\/modelkars.com\/fr\/wp-json\/wp\/v2\/product_tag?post=34869"}],"curies":[{"name":"wp","href":"https:\/\/api.w.org\/{rel}","templated":true}]}}