{"id":34743,"date":"2022-08-30T17:25:15","date_gmt":"2022-08-30T15:25:15","guid":{"rendered":"https:\/\/modelkars.com\/?post_type=product&#038;p=34743"},"modified":"2025-12-02T00:00:40","modified_gmt":"2025-12-01T23:00:40","slug":"lambo052b-lamborghini-countach-lpi-800-4-rouge","status":"publish","type":"product","link":"https:\/\/modelkars.com\/fr\/shop\/mr-collection\/lambo052b-lamborghini-countach-lpi-800-4-rouge\/","title":{"rendered":"Lamborghini Countach LPI 800-4"},"content":{"rendered":"","protected":false},"excerpt":{"rendered":"<p>Cette magnifique Lamborghini Countach LPI 800-4 est fabriqu\u00e9e par MR Collection dans sa livr\u00e9e rouge. Mod\u00e8le r\u00e9duit \u00e0 l&rsquo;\u00e9chelle 1:18\u00e8me, fabriqu\u00e9 en r\u00e9sine et limit\u00e9 \u00e0 199 pi\u00e8ces. Livr\u00e9 sur un socle haut de gamme incluant une vitrine plexiglass.<\/p>\n","protected":false},"featured_media":38489,"template":"","meta":{"_seopress_robots_primary_cat":"","_seopress_titles_title":"","_seopress_titles_desc":"","_seopress_robots_index":""},"product_brand":[],"product_cat":[95],"product_tag":[84,93,92,85,86,323],"class_list":{"0":"post-34743","1":"product","2":"type-product","3":"status-publish","4":"has-post-thumbnail","6":"product_cat-mr-collection","7":"product_tag-echelle-118","8":"product_tag-edition-limitee","9":"product_tag-resine","10":"product_tag-sans-ouvrants","11":"product_tag-socle-inclus","12":"product_tag-vitrine-incluse","14":"first","15":"instock","16":"taxable","17":"shipping-taxable","18":"purchasable","19":"product-type-simple"},"_links":{"self":[{"href":"https:\/\/modelkars.com\/fr\/wp-json\/wp\/v2\/product\/34743","targetHints":{"allow":["GET"]}}],"collection":[{"href":"https:\/\/modelkars.com\/fr\/wp-json\/wp\/v2\/product"}],"about":[{"href":"https:\/\/modelkars.com\/fr\/wp-json\/wp\/v2\/types\/product"}],"wp:featuredmedia":[{"embeddable":true,"href":"https:\/\/modelkars.com\/fr\/wp-json\/wp\/v2\/media\/38489"}],"wp:attachment":[{"href":"https:\/\/modelkars.com\/fr\/wp-json\/wp\/v2\/media?parent=34743"}],"wp:term":[{"taxonomy":"product_brand","embeddable":true,"href":"https:\/\/modelkars.com\/fr\/wp-json\/wp\/v2\/product_brand?post=34743"},{"taxonomy":"product_cat","embeddable":true,"href":"https:\/\/modelkars.com\/fr\/wp-json\/wp\/v2\/product_cat?post=34743"},{"taxonomy":"product_tag","embeddable":true,"href":"https:\/\/modelkars.com\/fr\/wp-json\/wp\/v2\/product_tag?post=34743"}],"curies":[{"name":"wp","href":"https:\/\/api.w.org\/{rel}","templated":true}]}}