{"id":33662,"date":"2024-03-26T23:00:01","date_gmt":"2024-03-26T22:00:01","guid":{"rendered":"https:\/\/modelkars.com\/?post_type=product&#038;p=33662"},"modified":"2025-12-01T01:53:18","modified_gmt":"2025-12-01T00:53:18","slug":"77501-nissan-skyline-gtr-r35-nismo-special-edition-blanche","status":"publish","type":"product","link":"https:\/\/modelkars.com\/fr\/shop\/autoart\/77501-nissan-skyline-gtr-r35-nismo-special-edition-blanche\/","title":{"rendered":"Nissan Skyline GT-R (R35) Nismo 2022 Special Edition"},"content":{"rendered":"","protected":false},"excerpt":{"rendered":"<p>La Nissan GT-R (R35) Nismo Special Edition est fabriqu\u00e9e par AUTOart \u00e0 l\u2019\u00e9chelle 1\/18 dans une couleur blanche (Brillant White Pearl). Ce mod\u00e8le r\u00e9duit haut de gamme poss\u00e8de de nombreux ouvrants.<\/p>\n","protected":false},"featured_media":50041,"template":"","meta":{"_seopress_robots_primary_cat":"","_seopress_titles_title":"","_seopress_titles_desc":"","_seopress_robots_index":""},"product_brand":[],"product_cat":[118],"product_tag":[117,119,84],"class_list":{"0":"post-33662","1":"product","2":"type-product","3":"status-publish","4":"has-post-thumbnail","6":"product_cat-autoart","7":"product_tag-avec-ouvrants","8":"product_tag-composite","9":"product_tag-echelle-118","10":"product_shipping_class-delivengo","12":"first","13":"outofstock","14":"taxable","15":"shipping-taxable","16":"purchasable","17":"product-type-simple"},"_links":{"self":[{"href":"https:\/\/modelkars.com\/fr\/wp-json\/wp\/v2\/product\/33662","targetHints":{"allow":["GET"]}}],"collection":[{"href":"https:\/\/modelkars.com\/fr\/wp-json\/wp\/v2\/product"}],"about":[{"href":"https:\/\/modelkars.com\/fr\/wp-json\/wp\/v2\/types\/product"}],"wp:featuredmedia":[{"embeddable":true,"href":"https:\/\/modelkars.com\/fr\/wp-json\/wp\/v2\/media\/50041"}],"wp:attachment":[{"href":"https:\/\/modelkars.com\/fr\/wp-json\/wp\/v2\/media?parent=33662"}],"wp:term":[{"taxonomy":"product_brand","embeddable":true,"href":"https:\/\/modelkars.com\/fr\/wp-json\/wp\/v2\/product_brand?post=33662"},{"taxonomy":"product_cat","embeddable":true,"href":"https:\/\/modelkars.com\/fr\/wp-json\/wp\/v2\/product_cat?post=33662"},{"taxonomy":"product_tag","embeddable":true,"href":"https:\/\/modelkars.com\/fr\/wp-json\/wp\/v2\/product_tag?post=33662"}],"curies":[{"name":"wp","href":"https:\/\/api.w.org\/{rel}","templated":true}]}}