{"id":33349,"date":"2022-07-26T17:51:45","date_gmt":"2022-07-26T15:51:45","guid":{"rendered":"https:\/\/modelkars.com\/?post_type=product&#038;p=33349"},"modified":"2025-12-01T01:54:17","modified_gmt":"2025-12-01T00:54:17","slug":"850401001-pagani-zonda-f-gris-mercurio","status":"publish","type":"product","link":"https:\/\/modelkars.com\/fr\/shop\/almost-real\/850401001-pagani-zonda-f-gris-mercurio\/","title":{"rendered":"Pagani Zonda F"},"content":{"rendered":"","protected":false},"excerpt":{"rendered":"<p>Cette voiture miniature reproduit avec une incroyable fid\u00e9lit\u00e9 la Pagani Zonda F dans un coloris gris Mercurio. Ultra r\u00e9aliste, ce mod\u00e8le r\u00e9duit en m\u00e9tal \u00e0 l&rsquo;\u00e9chelle 1:18\u00e8me fourmille de d\u00e9tails \u00e0 l&rsquo;int\u00e9rieur comme \u00e0 l&rsquo;ext\u00e9rieur.<\/p>\n","protected":false},"featured_media":33327,"template":"","meta":{"_seopress_robots_primary_cat":"none","_seopress_titles_title":"","_seopress_titles_desc":"","_seopress_robots_index":""},"product_brand":[],"product_cat":[349],"product_tag":[117,84,89],"class_list":{"0":"post-33349","1":"product","2":"type-product","3":"status-publish","4":"has-post-thumbnail","6":"product_cat-almost-real","7":"product_tag-avec-ouvrants","8":"product_tag-echelle-118","9":"product_tag-metal","11":"first","12":"outofstock","13":"taxable","14":"shipping-taxable","15":"purchasable","16":"product-type-simple"},"_links":{"self":[{"href":"https:\/\/modelkars.com\/fr\/wp-json\/wp\/v2\/product\/33349","targetHints":{"allow":["GET"]}}],"collection":[{"href":"https:\/\/modelkars.com\/fr\/wp-json\/wp\/v2\/product"}],"about":[{"href":"https:\/\/modelkars.com\/fr\/wp-json\/wp\/v2\/types\/product"}],"wp:featuredmedia":[{"embeddable":true,"href":"https:\/\/modelkars.com\/fr\/wp-json\/wp\/v2\/media\/33327"}],"wp:attachment":[{"href":"https:\/\/modelkars.com\/fr\/wp-json\/wp\/v2\/media?parent=33349"}],"wp:term":[{"taxonomy":"product_brand","embeddable":true,"href":"https:\/\/modelkars.com\/fr\/wp-json\/wp\/v2\/product_brand?post=33349"},{"taxonomy":"product_cat","embeddable":true,"href":"https:\/\/modelkars.com\/fr\/wp-json\/wp\/v2\/product_cat?post=33349"},{"taxonomy":"product_tag","embeddable":true,"href":"https:\/\/modelkars.com\/fr\/wp-json\/wp\/v2\/product_tag?post=33349"}],"curies":[{"name":"wp","href":"https:\/\/api.w.org\/{rel}","templated":true}]}}