{"id":33325,"date":"2022-07-26T16:26:48","date_gmt":"2022-07-26T14:26:48","guid":{"rendered":"https:\/\/modelkars.com\/?post_type=product&#038;p=33325"},"modified":"2025-12-01T01:54:17","modified_gmt":"2025-12-01T00:54:17","slug":"850403001-pagani-zonda-f-noire-mat","status":"publish","type":"product","link":"https:\/\/modelkars.com\/fr\/shop\/almost-real\/850403001-pagani-zonda-f-noire-mat\/","title":{"rendered":"Pagani Zonda F"},"content":{"rendered":"","protected":false},"excerpt":{"rendered":"<p>Cette voiture miniature reproduit avec une incroyable fid\u00e9lit\u00e9 la Pagani Zonda F dans un coloris noir mat. Ultra r\u00e9aliste, ce mod\u00e8le r\u00e9duit en m\u00e9tal \u00e0 l&rsquo;\u00e9chelle 1:18\u00e8me fourmille de d\u00e9tails \u00e0 l&rsquo;int\u00e9rieur comme \u00e0 l&rsquo;ext\u00e9rieur. Seulement 500 pi\u00e8ces dans cette version noire mate et int\u00e9rieur rouge du plus bel effet.<\/p>\n","protected":false},"featured_media":33339,"template":"","meta":{"_seopress_robots_primary_cat":"none","_seopress_titles_title":"","_seopress_titles_desc":"","_seopress_robots_index":""},"product_brand":[],"product_cat":[349],"product_tag":[117,84,93,89],"class_list":{"0":"post-33325","1":"product","2":"type-product","3":"status-publish","4":"has-post-thumbnail","6":"product_cat-almost-real","7":"product_tag-avec-ouvrants","8":"product_tag-echelle-118","9":"product_tag-edition-limitee","10":"product_tag-metal","11":"product_shipping_class-delivengo","13":"first","14":"outofstock","15":"taxable","16":"shipping-taxable","17":"purchasable","18":"product-type-simple"},"_links":{"self":[{"href":"https:\/\/modelkars.com\/fr\/wp-json\/wp\/v2\/product\/33325","targetHints":{"allow":["GET"]}}],"collection":[{"href":"https:\/\/modelkars.com\/fr\/wp-json\/wp\/v2\/product"}],"about":[{"href":"https:\/\/modelkars.com\/fr\/wp-json\/wp\/v2\/types\/product"}],"wp:featuredmedia":[{"embeddable":true,"href":"https:\/\/modelkars.com\/fr\/wp-json\/wp\/v2\/media\/33339"}],"wp:attachment":[{"href":"https:\/\/modelkars.com\/fr\/wp-json\/wp\/v2\/media?parent=33325"}],"wp:term":[{"taxonomy":"product_brand","embeddable":true,"href":"https:\/\/modelkars.com\/fr\/wp-json\/wp\/v2\/product_brand?post=33325"},{"taxonomy":"product_cat","embeddable":true,"href":"https:\/\/modelkars.com\/fr\/wp-json\/wp\/v2\/product_cat?post=33325"},{"taxonomy":"product_tag","embeddable":true,"href":"https:\/\/modelkars.com\/fr\/wp-json\/wp\/v2\/product_tag?post=33325"}],"curies":[{"name":"wp","href":"https:\/\/api.w.org\/{rel}","templated":true}]}}