{"id":33266,"date":"2022-07-23T13:33:06","date_gmt":"2022-07-23T11:33:06","guid":{"rendered":"https:\/\/modelkars.com\/?post_type=product&#038;p=33266"},"modified":"2025-12-01T01:54:17","modified_gmt":"2025-12-01T00:54:17","slug":"84300-novitec-ferrari-f8-n-largo-rouge","status":"publish","type":"product","link":"https:\/\/modelkars.com\/fr\/shop\/peako\/84300-novitec-ferrari-f8-n-largo-rouge\/","title":{"rendered":"Novitec Ferrari F8 N-Largo"},"content":{"rendered":"","protected":false},"excerpt":{"rendered":"<p>Ce mod\u00e8le r\u00e9duit haut de gamme reproduit \u00e0 la perfection la Ferrari F8 \u00e9quip\u00e9e du kit carrosserie N-Largo de Novitec. R\u00e9alis\u00e9e par Peako \u00e0 l&rsquo;\u00e9chelle 1:18\u00e8me dans sa couleur rouge, cette miniature de collection est livr\u00e9e sur un socle de haute qualit\u00e9 et limit\u00e9e \u00e0 seulement 499 pi\u00e8ces.<\/p>\n","protected":false},"featured_media":33268,"template":"","meta":{"_seopress_robots_primary_cat":"none","_seopress_titles_title":"","_seopress_titles_desc":"","_seopress_robots_index":""},"product_brand":[],"product_cat":[417],"product_tag":[84,93,92,86,323],"class_list":{"0":"post-33266","1":"product","2":"type-product","3":"status-publish","4":"has-post-thumbnail","6":"product_cat-peako","7":"product_tag-echelle-118","8":"product_tag-edition-limitee","9":"product_tag-resine","10":"product_tag-socle-inclus","11":"product_tag-vitrine-incluse","12":"product_shipping_class-delivengo","14":"first","15":"outofstock","16":"taxable","17":"shipping-taxable","18":"purchasable","19":"product-type-simple"},"_links":{"self":[{"href":"https:\/\/modelkars.com\/fr\/wp-json\/wp\/v2\/product\/33266","targetHints":{"allow":["GET"]}}],"collection":[{"href":"https:\/\/modelkars.com\/fr\/wp-json\/wp\/v2\/product"}],"about":[{"href":"https:\/\/modelkars.com\/fr\/wp-json\/wp\/v2\/types\/product"}],"wp:featuredmedia":[{"embeddable":true,"href":"https:\/\/modelkars.com\/fr\/wp-json\/wp\/v2\/media\/33268"}],"wp:attachment":[{"href":"https:\/\/modelkars.com\/fr\/wp-json\/wp\/v2\/media?parent=33266"}],"wp:term":[{"taxonomy":"product_brand","embeddable":true,"href":"https:\/\/modelkars.com\/fr\/wp-json\/wp\/v2\/product_brand?post=33266"},{"taxonomy":"product_cat","embeddable":true,"href":"https:\/\/modelkars.com\/fr\/wp-json\/wp\/v2\/product_cat?post=33266"},{"taxonomy":"product_tag","embeddable":true,"href":"https:\/\/modelkars.com\/fr\/wp-json\/wp\/v2\/product_tag?post=33266"}],"curies":[{"name":"wp","href":"https:\/\/api.w.org\/{rel}","templated":true}]}}