{"id":33158,"date":"2022-09-26T00:00:00","date_gmt":"2022-09-25T22:00:00","guid":{"rendered":"https:\/\/modelkars.com\/?post_type=product&#038;p=33158"},"modified":"2025-12-01T01:54:11","modified_gmt":"2025-12-01T00:54:11","slug":"79146-lamborghini-diablo-svr-noire","status":"publish","type":"product","link":"https:\/\/modelkars.com\/fr\/shop\/autoart\/79146-lamborghini-diablo-svr-noire\/","title":{"rendered":"Lamborghini Diablo SV-R"},"content":{"rendered":"","protected":false},"excerpt":{"rendered":"<p>Cette Lamborghini Diablo SV-R de couleur noire (Deep Black) est reproduite \u00e0 l&rsquo;\u00e9chelle 1:18\u00e8me. Fabriqu\u00e9e par AUTOart, cette miniature haut de gamme poss\u00e8de de nombreux ouvrants permettant d&rsquo;admirer l&rsquo;int\u00e9rieur, le coffre ainsi que le moteur.<\/p>\n","protected":false},"featured_media":33756,"template":"","meta":{"_seopress_robots_primary_cat":"none","_seopress_titles_title":"","_seopress_titles_desc":"","_seopress_robots_index":""},"product_brand":[],"product_cat":[118],"product_tag":[117,119,84],"class_list":{"0":"post-33158","1":"product","2":"type-product","3":"status-publish","4":"has-post-thumbnail","6":"product_cat-autoart","7":"product_tag-avec-ouvrants","8":"product_tag-composite","9":"product_tag-echelle-118","11":"first","12":"outofstock","13":"taxable","14":"shipping-taxable","15":"purchasable","16":"product-type-simple"},"_links":{"self":[{"href":"https:\/\/modelkars.com\/fr\/wp-json\/wp\/v2\/product\/33158","targetHints":{"allow":["GET"]}}],"collection":[{"href":"https:\/\/modelkars.com\/fr\/wp-json\/wp\/v2\/product"}],"about":[{"href":"https:\/\/modelkars.com\/fr\/wp-json\/wp\/v2\/types\/product"}],"wp:featuredmedia":[{"embeddable":true,"href":"https:\/\/modelkars.com\/fr\/wp-json\/wp\/v2\/media\/33756"}],"wp:attachment":[{"href":"https:\/\/modelkars.com\/fr\/wp-json\/wp\/v2\/media?parent=33158"}],"wp:term":[{"taxonomy":"product_brand","embeddable":true,"href":"https:\/\/modelkars.com\/fr\/wp-json\/wp\/v2\/product_brand?post=33158"},{"taxonomy":"product_cat","embeddable":true,"href":"https:\/\/modelkars.com\/fr\/wp-json\/wp\/v2\/product_cat?post=33158"},{"taxonomy":"product_tag","embeddable":true,"href":"https:\/\/modelkars.com\/fr\/wp-json\/wp\/v2\/product_tag?post=33158"}],"curies":[{"name":"wp","href":"https:\/\/api.w.org\/{rel}","templated":true}]}}