{"id":3228,"date":"2023-02-17T00:00:01","date_gmt":"2023-02-16T23:00:01","guid":{"rendered":"https:\/\/modelkars.com\/?post_type=product&#038;p=3228"},"modified":"2025-12-01T01:53:56","modified_gmt":"2025-12-01T00:53:56","slug":"lamborghini-aventador-s-verte-79133","status":"publish","type":"product","link":"https:\/\/modelkars.com\/fr\/shop\/autoart\/lamborghini-aventador-s-verte-79133\/","title":{"rendered":"Lamborghini Aventador S"},"content":{"rendered":"","protected":false},"excerpt":{"rendered":"<p>Ce mod\u00e8le r\u00e9duit haut de gamme reproduit avec une grande fid\u00e9lit\u00e9 la Lamborghini Aventador S dans sa version vert Mantis. Les nombreux ouvrants vous permettent d&rsquo;admirer le travail effectu\u00e9 sur cette miniature \u00e0 l&rsquo;\u00e9chelle 1:18 fabriqu\u00e9e par AUTOart.<\/p>\n","protected":false},"featured_media":3230,"template":"","meta":{"_seopress_robots_primary_cat":"","_seopress_titles_title":"","_seopress_titles_desc":"","_seopress_robots_index":""},"product_brand":[],"product_cat":[118],"product_tag":[117,119,84],"class_list":{"0":"post-3228","1":"product","2":"type-product","3":"status-publish","4":"has-post-thumbnail","6":"product_cat-autoart","7":"product_tag-avec-ouvrants","8":"product_tag-composite","9":"product_tag-echelle-118","11":"first","12":"outofstock","13":"taxable","14":"shipping-taxable","15":"purchasable","16":"product-type-simple"},"_links":{"self":[{"href":"https:\/\/modelkars.com\/fr\/wp-json\/wp\/v2\/product\/3228","targetHints":{"allow":["GET"]}}],"collection":[{"href":"https:\/\/modelkars.com\/fr\/wp-json\/wp\/v2\/product"}],"about":[{"href":"https:\/\/modelkars.com\/fr\/wp-json\/wp\/v2\/types\/product"}],"wp:featuredmedia":[{"embeddable":true,"href":"https:\/\/modelkars.com\/fr\/wp-json\/wp\/v2\/media\/3230"}],"wp:attachment":[{"href":"https:\/\/modelkars.com\/fr\/wp-json\/wp\/v2\/media?parent=3228"}],"wp:term":[{"taxonomy":"product_brand","embeddable":true,"href":"https:\/\/modelkars.com\/fr\/wp-json\/wp\/v2\/product_brand?post=3228"},{"taxonomy":"product_cat","embeddable":true,"href":"https:\/\/modelkars.com\/fr\/wp-json\/wp\/v2\/product_cat?post=3228"},{"taxonomy":"product_tag","embeddable":true,"href":"https:\/\/modelkars.com\/fr\/wp-json\/wp\/v2\/product_tag?post=3228"}],"curies":[{"name":"wp","href":"https:\/\/api.w.org\/{rel}","templated":true}]}}