{"id":32081,"date":"2022-05-23T13:36:17","date_gmt":"2022-05-23T11:36:17","guid":{"rendered":"https:\/\/modelkars.com\/?post_type=product&#038;p=32081"},"modified":"2025-12-01T01:54:22","modified_gmt":"2025-12-01T00:54:22","slug":"p18188a-ferrari-sf90-stradale-pack-fiorano-rouge-corsa","status":"publish","type":"product","link":"https:\/\/modelkars.com\/fr\/shop\/bbr\/p18188a-ferrari-sf90-stradale-pack-fiorano-rouge-corsa\/","title":{"rendered":"Ferrari SF90 Stradale Pack Fiorano"},"content":{"rendered":"","protected":false},"excerpt":{"rendered":"<p>La splendide Ferrari SF90 Stradale est ici reproduite \u00e0 l\u2019\u00e9chelle 1:18 par le fabricant BBR. Cette miniature haut de gamme, de couleur rouge Rosso Corsa et Pack Fiorano, sera livr\u00e9e sur un socle sp\u00e9cifique avec une plaque num\u00e9rot\u00e9e. Ce mod\u00e8le est limit\u00e9 \u00e0 seulement 99 pi\u00e8ces !<\/p>\n","protected":false},"featured_media":32087,"template":"","meta":{"_seopress_robots_primary_cat":"none","_seopress_titles_title":"","_seopress_titles_desc":"","_seopress_robots_index":""},"product_brand":[],"product_cat":[315],"product_tag":[84,93,92,85,86],"class_list":{"0":"post-32081","1":"product","2":"type-product","3":"status-publish","4":"has-post-thumbnail","6":"product_cat-bbr","7":"product_tag-echelle-118","8":"product_tag-edition-limitee","9":"product_tag-resine","10":"product_tag-sans-ouvrants","11":"product_tag-socle-inclus","13":"first","14":"outofstock","15":"taxable","16":"shipping-taxable","17":"purchasable","18":"product-type-simple"},"_links":{"self":[{"href":"https:\/\/modelkars.com\/fr\/wp-json\/wp\/v2\/product\/32081","targetHints":{"allow":["GET"]}}],"collection":[{"href":"https:\/\/modelkars.com\/fr\/wp-json\/wp\/v2\/product"}],"about":[{"href":"https:\/\/modelkars.com\/fr\/wp-json\/wp\/v2\/types\/product"}],"wp:featuredmedia":[{"embeddable":true,"href":"https:\/\/modelkars.com\/fr\/wp-json\/wp\/v2\/media\/32087"}],"wp:attachment":[{"href":"https:\/\/modelkars.com\/fr\/wp-json\/wp\/v2\/media?parent=32081"}],"wp:term":[{"taxonomy":"product_brand","embeddable":true,"href":"https:\/\/modelkars.com\/fr\/wp-json\/wp\/v2\/product_brand?post=32081"},{"taxonomy":"product_cat","embeddable":true,"href":"https:\/\/modelkars.com\/fr\/wp-json\/wp\/v2\/product_cat?post=32081"},{"taxonomy":"product_tag","embeddable":true,"href":"https:\/\/modelkars.com\/fr\/wp-json\/wp\/v2\/product_tag?post=32081"}],"curies":[{"name":"wp","href":"https:\/\/api.w.org\/{rel}","templated":true}]}}