{"id":32015,"date":"2022-05-30T00:00:00","date_gmt":"2022-05-29T22:00:00","guid":{"rendered":"https:\/\/modelkars.com\/?post_type=product&#038;p=32015"},"modified":"2025-12-01T01:54:20","modified_gmt":"2025-12-01T00:54:20","slug":"bbrc1822e-maserati-quattroporte-my17-gransport-rosso-folgore","status":"publish","type":"product","link":"https:\/\/modelkars.com\/fr\/shop\/bbr\/bbrc1822e-maserati-quattroporte-my17-gransport-rosso-folgore\/","title":{"rendered":"Maserati Quattroporte Gran Sport"},"content":{"rendered":"","protected":false},"excerpt":{"rendered":"<p>Reproduite \u00e0 l\u2019\u00e9chelle 1:18 par BBR dans une livr\u00e9e rouge Folgore, cette superbe Maserati Quattroporte MY17 Gran Sport est une voiture miniature haut de gamme et limit\u00e9e \u00e0 seulement 20 pi\u00e8ces num\u00e9rot\u00e9es ! Mod\u00e8le livr\u00e9 sur un socle haut de gamme et vitrine transparente fournie.<\/p>\n","protected":false},"featured_media":31995,"template":"","meta":{"_seopress_robots_primary_cat":"none","_seopress_titles_title":"","_seopress_titles_desc":"","_seopress_robots_index":""},"product_brand":[],"product_cat":[315],"product_tag":[84,93,92,85,86,323],"class_list":{"0":"post-32015","1":"product","2":"type-product","3":"status-publish","4":"has-post-thumbnail","6":"product_cat-bbr","7":"product_tag-echelle-118","8":"product_tag-edition-limitee","9":"product_tag-resine","10":"product_tag-sans-ouvrants","11":"product_tag-socle-inclus","12":"product_tag-vitrine-incluse","14":"first","15":"outofstock","16":"taxable","17":"shipping-taxable","18":"purchasable","19":"product-type-simple"},"_links":{"self":[{"href":"https:\/\/modelkars.com\/fr\/wp-json\/wp\/v2\/product\/32015","targetHints":{"allow":["GET"]}}],"collection":[{"href":"https:\/\/modelkars.com\/fr\/wp-json\/wp\/v2\/product"}],"about":[{"href":"https:\/\/modelkars.com\/fr\/wp-json\/wp\/v2\/types\/product"}],"wp:featuredmedia":[{"embeddable":true,"href":"https:\/\/modelkars.com\/fr\/wp-json\/wp\/v2\/media\/31995"}],"wp:attachment":[{"href":"https:\/\/modelkars.com\/fr\/wp-json\/wp\/v2\/media?parent=32015"}],"wp:term":[{"taxonomy":"product_brand","embeddable":true,"href":"https:\/\/modelkars.com\/fr\/wp-json\/wp\/v2\/product_brand?post=32015"},{"taxonomy":"product_cat","embeddable":true,"href":"https:\/\/modelkars.com\/fr\/wp-json\/wp\/v2\/product_cat?post=32015"},{"taxonomy":"product_tag","embeddable":true,"href":"https:\/\/modelkars.com\/fr\/wp-json\/wp\/v2\/product_tag?post=32015"}],"curies":[{"name":"wp","href":"https:\/\/api.w.org\/{rel}","templated":true}]}}