{"id":31306,"date":"2022-07-18T00:00:00","date_gmt":"2022-07-17T22:00:00","guid":{"rendered":"https:\/\/modelkars.com\/shop\/non%20class\u00e9\/ot895-mercedes-clk-dtm-grise\/"},"modified":"2025-12-01T01:54:18","modified_gmt":"2025-12-01T00:54:18","slug":"ot895-mercedes-clk-dtm-grise","status":"publish","type":"product","link":"https:\/\/modelkars.com\/fr\/shop\/ottomobile\/ot895-mercedes-clk-dtm-grise\/","title":{"rendered":"Mercedes-Benz C209 CLK DTM"},"content":{"rendered":"","protected":false},"excerpt":{"rendered":"<p>Cette rarissime Mercedes-Benz CLK \u00ab\u00a0DTM\u00a0\u00bb f\u00fbt produite \u00e0 seulement 100 exemplaires afin de c\u00e9l\u00e9brer la saison exceptionnelle de Mercedes au championnat DTM en 2003. Cette miniature \u00e0 l&rsquo;\u00e9chelle 1:18 est produite par OttOmobile \u00e0 seulement 2500 pi\u00e8ces num\u00e9rot\u00e9es.<\/p>\n","protected":false},"featured_media":31332,"template":"","meta":{"_seopress_robots_primary_cat":"","_seopress_titles_title":"","_seopress_titles_desc":"","_seopress_robots_index":""},"product_brand":[],"product_cat":[225],"product_tag":[84,93,92,85],"class_list":{"0":"post-31306","1":"product","2":"type-product","3":"status-publish","4":"has-post-thumbnail","6":"product_cat-ottomobile","7":"product_tag-echelle-118","8":"product_tag-edition-limitee","9":"product_tag-resine","10":"product_tag-sans-ouvrants","12":"first","13":"outofstock","14":"taxable","15":"shipping-taxable","16":"purchasable","17":"product-type-simple"},"_links":{"self":[{"href":"https:\/\/modelkars.com\/fr\/wp-json\/wp\/v2\/product\/31306","targetHints":{"allow":["GET"]}}],"collection":[{"href":"https:\/\/modelkars.com\/fr\/wp-json\/wp\/v2\/product"}],"about":[{"href":"https:\/\/modelkars.com\/fr\/wp-json\/wp\/v2\/types\/product"}],"wp:featuredmedia":[{"embeddable":true,"href":"https:\/\/modelkars.com\/fr\/wp-json\/wp\/v2\/media\/31332"}],"wp:attachment":[{"href":"https:\/\/modelkars.com\/fr\/wp-json\/wp\/v2\/media?parent=31306"}],"wp:term":[{"taxonomy":"product_brand","embeddable":true,"href":"https:\/\/modelkars.com\/fr\/wp-json\/wp\/v2\/product_brand?post=31306"},{"taxonomy":"product_cat","embeddable":true,"href":"https:\/\/modelkars.com\/fr\/wp-json\/wp\/v2\/product_cat?post=31306"},{"taxonomy":"product_tag","embeddable":true,"href":"https:\/\/modelkars.com\/fr\/wp-json\/wp\/v2\/product_tag?post=31306"}],"curies":[{"name":"wp","href":"https:\/\/api.w.org\/{rel}","templated":true}]}}