{"id":30577,"date":"2022-02-22T19:21:02","date_gmt":"2022-02-22T18:21:02","guid":{"rendered":"https:\/\/modelkars.com\/?post_type=product&#038;p=30577"},"modified":"2025-12-01T01:54:25","modified_gmt":"2025-12-01T00:54:25","slug":"ot839-alfa-romeo-giulia-quadrifoglio-blanche","status":"publish","type":"product","link":"https:\/\/modelkars.com\/fr\/shop\/ottomobile\/ot839-alfa-romeo-giulia-quadrifoglio-blanche\/","title":{"rendered":"Alfa Romeo Giulia Quadrifoglio"},"content":{"rendered":"","protected":false},"excerpt":{"rendered":"<p>Fabriqu\u00e9e \u00e0 l&rsquo;\u00e9chelle 1:18 par OttOmobile, cette superbe berline italienne est la plus puissante Alfa Romeo jamais produite. La Giulia Quadrifoglio est ici reproduite dans sa livr\u00e9e blanche et jantes noires. Une miniature produite \u00e0 seulement 2500 exemplaires dont chacun est num\u00e9rot\u00e9 sous le ch\u00e2ssis.<\/p>\n","protected":false},"featured_media":30583,"template":"","meta":{"_seopress_robots_primary_cat":"","_seopress_titles_title":"","_seopress_titles_desc":"","_seopress_robots_index":""},"product_brand":[],"product_cat":[225],"product_tag":[84,93,92,85],"class_list":{"0":"post-30577","1":"product","2":"type-product","3":"status-publish","4":"has-post-thumbnail","6":"product_cat-ottomobile","7":"product_tag-echelle-118","8":"product_tag-edition-limitee","9":"product_tag-resine","10":"product_tag-sans-ouvrants","11":"product_shipping_class-delivengo","13":"first","14":"outofstock","15":"taxable","16":"shipping-taxable","17":"purchasable","18":"product-type-simple"},"_links":{"self":[{"href":"https:\/\/modelkars.com\/fr\/wp-json\/wp\/v2\/product\/30577","targetHints":{"allow":["GET"]}}],"collection":[{"href":"https:\/\/modelkars.com\/fr\/wp-json\/wp\/v2\/product"}],"about":[{"href":"https:\/\/modelkars.com\/fr\/wp-json\/wp\/v2\/types\/product"}],"wp:featuredmedia":[{"embeddable":true,"href":"https:\/\/modelkars.com\/fr\/wp-json\/wp\/v2\/media\/30583"}],"wp:attachment":[{"href":"https:\/\/modelkars.com\/fr\/wp-json\/wp\/v2\/media?parent=30577"}],"wp:term":[{"taxonomy":"product_brand","embeddable":true,"href":"https:\/\/modelkars.com\/fr\/wp-json\/wp\/v2\/product_brand?post=30577"},{"taxonomy":"product_cat","embeddable":true,"href":"https:\/\/modelkars.com\/fr\/wp-json\/wp\/v2\/product_cat?post=30577"},{"taxonomy":"product_tag","embeddable":true,"href":"https:\/\/modelkars.com\/fr\/wp-json\/wp\/v2\/product_tag?post=30577"}],"curies":[{"name":"wp","href":"https:\/\/api.w.org\/{rel}","templated":true}]}}